{"id":915,"date":"2020-06-22T10:33:25","date_gmt":"2020-06-22T08:33:25","guid":{"rendered":"http:\/\/pzm.wroclaw.pl\/?page_id=915"},"modified":"2025-07-08T10:27:14","modified_gmt":"2025-07-08T08:27:14","slug":"zielona-gora","status":"publish","type":"page","link":"https:\/\/pzm.wroclaw.pl\/?page_id=915","title":{"rendered":"Zielona G\u00f3ra"},"content":{"rendered":"\t\t<div data-elementor-type=\"wp-page\" data-elementor-id=\"915\" class=\"elementor elementor-915\" data-elementor-settings=\"[]\">\n\t\t\t\t\t\t<div class=\"elementor-inner\">\n\t\t\t\t\t\t\t<div class=\"elementor-section-wrap\">\n\t\t\t\t\t\t\t<section class=\"elementor-section elementor-top-section elementor-element elementor-element-d769e37 elementor-section-boxed elementor-section-height-default elementor-section-height-default\" data-id=\"d769e37\" data-element_type=\"section\">\n\t\t\t\t\t\t<div class=\"elementor-container elementor-column-gap-default\">\n\t\t\t\t\t\t\t<div class=\"elementor-row\">\n\t\t\t\t\t<div class=\"elementor-column elementor-col-100 elementor-top-column elementor-element elementor-element-8e6c42e\" data-id=\"8e6c42e\" data-element_type=\"column\">\n\t\t\t<div class=\"elementor-column-wrap elementor-element-populated\">\n\t\t\t\t\t\t\t<div class=\"elementor-widget-wrap\">\n\t\t\t\t\t\t<div class=\"elementor-element elementor-element-f37f6a9 elementor-widget elementor-widget-spacer\" data-id=\"f37f6a9\" data-element_type=\"widget\" data-widget_type=\"spacer.default\">\n\t\t\t\t<div class=\"elementor-widget-container\">\n\t\t\t\t\t<div class=\"elementor-spacer\">\n\t\t\t<div class=\"elementor-spacer-inner\"><\/div>\n\t\t<\/div>\n\t\t\t\t<\/div>\n\t\t\t\t<\/div>\n\t\t\t\t<div class=\"elementor-element elementor-element-f83755d elementor-widget-divider--view-line elementor-widget elementor-widget-divider\" data-id=\"f83755d\" data-element_type=\"widget\" data-widget_type=\"divider.default\">\n\t\t\t\t<div class=\"elementor-widget-container\">\n\t\t\t\t\t<div class=\"elementor-divider\">\n\t\t\t<span class=\"elementor-divider-separator\">\n\t\t\t\t\t\t<\/span>\n\t\t<\/div>\n\t\t\t\t<\/div>\n\t\t\t\t<\/div>\n\t\t\t\t<div class=\"elementor-element elementor-element-acc03e7 elementor-widget elementor-widget-heading\" data-id=\"acc03e7\" data-element_type=\"widget\" data-widget_type=\"heading.default\">\n\t\t\t\t<div class=\"elementor-widget-container\">\n\t\t\t<h2 class=\"elementor-heading-title elementor-size-default\">zielona g\u00f3ra<\/h2>\t\t<\/div>\n\t\t\t\t<\/div>\n\t\t\t\t<div class=\"elementor-element elementor-element-9ec22c8 elementor-widget elementor-widget-text-editor\" data-id=\"9ec22c8\" data-element_type=\"widget\" data-widget_type=\"text-editor.default\">\n\t\t\t\t<div class=\"elementor-widget-container\">\n\t\t\t\t\t\t\t\t<div class=\"elementor-text-editor elementor-clearfix\">\n\t\t\t\t<p>sprawd\u017a nasz\u0105 ofert\u0119 w Zielonej G\u00f3rze<\/p>\t\t\t\t\t<\/div>\n\t\t\t\t\t\t<\/div>\n\t\t\t\t<\/div>\n\t\t\t\t<section class=\"elementor-section elementor-inner-section elementor-element elementor-element-332bdbf elementor-section-boxed elementor-section-height-default elementor-section-height-default\" data-id=\"332bdbf\" data-element_type=\"section\">\n\t\t\t\t\t\t<div class=\"elementor-container elementor-column-gap-default\">\n\t\t\t\t\t\t\t<div class=\"elementor-row\">\n\t\t\t\t\t<div class=\"elementor-column elementor-col-50 elementor-inner-column elementor-element elementor-element-dc14ec7\" data-id=\"dc14ec7\" data-element_type=\"column\">\n\t\t\t<div class=\"elementor-column-wrap elementor-element-populated\">\n\t\t\t\t\t\t\t<div class=\"elementor-widget-wrap\">\n\t\t\t\t\t\t<div class=\"elementor-element elementor-element-0e81be1 elementor-widget elementor-widget-text-editor\" data-id=\"0e81be1\" data-element_type=\"widget\" data-widget_type=\"text-editor.default\">\n\t\t\t\t<div class=\"elementor-widget-container\">\n\t\t\t\t\t\t\t\t<div class=\"elementor-text-editor elementor-clearfix\">\n\t\t\t\t<p>W Zielonej G\u00f3rze oferujemy nast\u0119puj\u0105ce us\u0142ugi:<\/p><ol><li><span style=\"color: #808080;\"><a style=\"color: #808080;\" href=\"http:\/\/pzm.wroclaw.pl\/?page_id=838\">przegl\u0105dy rejestracyjne pojazd\u00f3w,<\/a><\/span><\/li><li><span style=\"color: #808080;\"><a style=\"color: #808080;\" href=\"http:\/\/pzm.wroclaw.pl\/?page_id=844\">sprzeda\u017cy winiet i ubezpiecze\u0144,<\/a><\/span><\/li><li><span style=\"color: #808080;\"><a style=\"color: #808080;\" href=\"http:\/\/pzm.wroclaw.pl\/?page_id=846\">us\u0142ugi rzeczoznawstwa<\/a>,<\/span><\/li><li><span style=\"color: #808080;\">sprzeda\u017c ubezpiecze\u0144 komunikacyjnych.<\/span><\/li><\/ol><p>ul. Wiejska 10, 65-609 Zielona G\u00f3ra<\/p><p>tel. 68 453 31 31<br \/>email: <a href=\"mailto:zielona.gora@pzm.pl\">zielona.gora@pzm.pl<\/a><br \/>godziny otwarcia &#8211; od poniedzia\u0142ku do pi\u0105tku: od 8:00 do 16:00.<\/p><p>Stacja Kontroli Pojazd\u00f3w<br \/>ul. Wiejska 10, 65-609 Zielona G\u00f3ra<br \/>tel. 68 453 31 32<br \/>email: <span style=\"color: #0000ff;\"><u><a class=\"moz-txt-link-abbreviated\" href=\"mailto:kontrola-pojazdow.zielona.gora@pzm.pl\">kontrola-pojazdow.zielona.gora@pzm.pl<\/a><\/u><\/span><\/p><p>godziny otwarcia &#8211; od poniedzia\u0142ku do pi\u0105tku: od 8:00 do 20:00,<br \/>w soboty: od 8:00 do 14:00.<\/p><p>\u00a0<\/p>\t\t\t\t\t<\/div>\n\t\t\t\t\t\t<\/div>\n\t\t\t\t<\/div>\n\t\t\t\t\t\t<\/div>\n\t\t\t\t\t<\/div>\n\t\t<\/div>\n\t\t\t\t<div class=\"elementor-column elementor-col-50 elementor-inner-column elementor-element elementor-element-a65d46a\" data-id=\"a65d46a\" data-element_type=\"column\">\n\t\t\t<div class=\"elementor-column-wrap elementor-element-populated\">\n\t\t\t\t\t\t\t<div class=\"elementor-widget-wrap\">\n\t\t\t\t\t\t<div class=\"elementor-element elementor-element-055668f elementor-widget elementor-widget-google_maps\" data-id=\"055668f\" data-element_type=\"widget\" data-widget_type=\"google_maps.default\">\n\t\t\t\t<div class=\"elementor-widget-container\">\n\t\t\t\t\t<div class=\"elementor-custom-embed\">\n\t\t\t<iframe frameborder=\"0\" scrolling=\"no\" marginheight=\"0\" marginwidth=\"0\"\n\t\t\t\t\tsrc=\"https:\/\/maps.google.com\/maps?q=Zielona%20G%C3%B3ra%2C%20ul.%20Wiejska%2010&#038;t=m&#038;z=10&#038;output=embed&#038;iwloc=near\"\n\t\t\t\t\ttitle=\"Zielona G\u00f3ra, ul. Wiejska 10\"\n\t\t\t\t\taria-label=\"Zielona G\u00f3ra, ul. Wiejska 10\"\n\t\t\t><\/iframe>\n\t\t<\/div>\n\t\t\t\t<\/div>\n\t\t\t\t<\/div>\n\t\t\t\t\t\t<\/div>\n\t\t\t\t\t<\/div>\n\t\t<\/div>\n\t\t\t\t\t\t\t\t<\/div>\n\t\t\t\t\t<\/div>\n\t\t<\/section>\n\t\t\t\t<div class=\"elementor-element elementor-element-8194a0b elementor-widget elementor-widget-spacer\" data-id=\"8194a0b\" data-element_type=\"widget\" data-widget_type=\"spacer.default\">\n\t\t\t\t<div class=\"elementor-widget-container\">\n\t\t\t\t\t<div class=\"elementor-spacer\">\n\t\t\t<div class=\"elementor-spacer-inner\"><\/div>\n\t\t<\/div>\n\t\t\t\t<\/div>\n\t\t\t\t<\/div>\n\t\t\t\t<div class=\"elementor-element elementor-element-427624a elementor-widget-divider--view-line elementor-widget elementor-widget-divider\" data-id=\"427624a\" data-element_type=\"widget\" data-widget_type=\"divider.default\">\n\t\t\t\t<div class=\"elementor-widget-container\">\n\t\t\t\t\t<div class=\"elementor-divider\">\n\t\t\t<span class=\"elementor-divider-separator\">\n\t\t\t\t\t\t<\/span>\n\t\t<\/div>\n\t\t\t\t<\/div>\n\t\t\t\t<\/div>\n\t\t\t\t<div class=\"elementor-element elementor-element-854b0a7 elementor-widget elementor-widget-spacer\" data-id=\"854b0a7\" data-element_type=\"widget\" data-widget_type=\"spacer.default\">\n\t\t\t\t<div class=\"elementor-widget-container\">\n\t\t\t\t\t<div class=\"elementor-spacer\">\n\t\t\t<div class=\"elementor-spacer-inner\"><\/div>\n\t\t<\/div>\n\t\t\t\t<\/div>\n\t\t\t\t<\/div>\n\t\t\t\t\t\t<\/div>\n\t\t\t\t\t<\/div>\n\t\t<\/div>\n\t\t\t\t\t\t\t\t<\/div>\n\t\t\t\t\t<\/div>\n\t\t<\/section>\n\t\t\t\t\t\t<\/div>\n\t\t\t\t\t\t<\/div>\n\t\t\t\t\t<\/div>\n\t\t","protected":false},"excerpt":{"rendered":"<p>zielona g\u00f3ra sprawd\u017a nasz\u0105 ofert\u0119 w Zielonej G\u00f3rze W Zielonej G\u00f3rze oferujemy nast\u0119puj\u0105ce us\u0142ugi: przegl\u0105dy rejestracyjne pojazd\u00f3w, sprzeda\u017cy winiet i ubezpiecze\u0144, us\u0142ugi rzeczoznawstwa, sprzeda\u017c ubezpiecze\u0144 komunikacyjnych. ul. Wiejska 10, 65-609 Zielona G\u00f3ra tel. 68 453 31 31email: zielona.gora@pzm.plgodziny otwarcia &#8211; od poniedzia\u0142ku do pi\u0105tku: od 8:00 do 16:00. Stacja Kontroli Pojazd\u00f3wul. Wiejska 10, 65-609 Zielona&hellip;&nbsp;<a href=\"https:\/\/pzm.wroclaw.pl\/?page_id=915\" class=\"\" rel=\"bookmark\">Read More &raquo;<span class=\"screen-reader-text\">Zielona G\u00f3ra<\/span><\/a><\/p>\n","protected":false},"author":1,"featured_media":0,"parent":0,"menu_order":0,"comment_status":"closed","ping_status":"closed","template":"page-templates\/template-pagebuilder-full-width.php","meta":{"neve_meta_sidebar":"full-width","neve_meta_container":"","neve_meta_enable_content_width":"on","neve_meta_content_width":100,"neve_meta_title_alignment":"","neve_meta_author_avatar":"","neve_post_elements_order":"","neve_meta_disable_header":"","neve_meta_disable_footer":"","neve_meta_disable_title":"","spay_email":"","footnotes":""},"class_list":["post-915","page","type-page","status-publish","hentry"],"_links":{"self":[{"href":"https:\/\/pzm.wroclaw.pl\/index.php?rest_route=\/wp\/v2\/pages\/915","targetHints":{"allow":["GET"]}}],"collection":[{"href":"https:\/\/pzm.wroclaw.pl\/index.php?rest_route=\/wp\/v2\/pages"}],"about":[{"href":"https:\/\/pzm.wroclaw.pl\/index.php?rest_route=\/wp\/v2\/types\/page"}],"author":[{"embeddable":true,"href":"https:\/\/pzm.wroclaw.pl\/index.php?rest_route=\/wp\/v2\/users\/1"}],"replies":[{"embeddable":true,"href":"https:\/\/pzm.wroclaw.pl\/index.php?rest_route=%2Fwp%2Fv2%2Fcomments&post=915"}],"version-history":[{"count":71,"href":"https:\/\/pzm.wroclaw.pl\/index.php?rest_route=\/wp\/v2\/pages\/915\/revisions"}],"predecessor-version":[{"id":2007,"href":"https:\/\/pzm.wroclaw.pl\/index.php?rest_route=\/wp\/v2\/pages\/915\/revisions\/2007"}],"wp:attachment":[{"href":"https:\/\/pzm.wroclaw.pl\/index.php?rest_route=%2Fwp%2Fv2%2Fmedia&parent=915"}],"curies":[{"name":"wp","href":"https:\/\/api.w.org\/{rel}","templated":true}]}}