{"id":913,"date":"2020-06-22T10:33:12","date_gmt":"2020-06-22T08:33:12","guid":{"rendered":"http:\/\/pzm.wroclaw.pl\/?page_id=913"},"modified":"2025-07-08T10:23:08","modified_gmt":"2025-07-08T08:23:08","slug":"jelenia-gora","status":"publish","type":"page","link":"https:\/\/pzm.wroclaw.pl\/?page_id=913","title":{"rendered":"Jelenia G\u00f3ra"},"content":{"rendered":"\t\t<div data-elementor-type=\"wp-page\" data-elementor-id=\"913\" class=\"elementor elementor-913\" data-elementor-settings=\"[]\">\n\t\t\t\t\t\t<div class=\"elementor-inner\">\n\t\t\t\t\t\t\t<div class=\"elementor-section-wrap\">\n\t\t\t\t\t\t\t<section class=\"elementor-section elementor-top-section elementor-element elementor-element-a850adf elementor-section-boxed elementor-section-height-default elementor-section-height-default\" data-id=\"a850adf\" data-element_type=\"section\">\n\t\t\t\t\t\t<div class=\"elementor-container elementor-column-gap-default\">\n\t\t\t\t\t\t\t<div class=\"elementor-row\">\n\t\t\t\t\t<div class=\"elementor-column elementor-col-100 elementor-top-column elementor-element elementor-element-4bd4679\" data-id=\"4bd4679\" data-element_type=\"column\">\n\t\t\t<div class=\"elementor-column-wrap elementor-element-populated\">\n\t\t\t\t\t\t\t<div class=\"elementor-widget-wrap\">\n\t\t\t\t\t\t<div class=\"elementor-element elementor-element-a0e30b7 elementor-widget elementor-widget-spacer\" data-id=\"a0e30b7\" data-element_type=\"widget\" data-widget_type=\"spacer.default\">\n\t\t\t\t<div class=\"elementor-widget-container\">\n\t\t\t\t\t<div class=\"elementor-spacer\">\n\t\t\t<div class=\"elementor-spacer-inner\"><\/div>\n\t\t<\/div>\n\t\t\t\t<\/div>\n\t\t\t\t<\/div>\n\t\t\t\t<div class=\"elementor-element elementor-element-0f4bff2 elementor-widget-divider--view-line elementor-widget elementor-widget-divider\" data-id=\"0f4bff2\" data-element_type=\"widget\" data-widget_type=\"divider.default\">\n\t\t\t\t<div class=\"elementor-widget-container\">\n\t\t\t\t\t<div class=\"elementor-divider\">\n\t\t\t<span class=\"elementor-divider-separator\">\n\t\t\t\t\t\t<\/span>\n\t\t<\/div>\n\t\t\t\t<\/div>\n\t\t\t\t<\/div>\n\t\t\t\t<div class=\"elementor-element elementor-element-3672ade elementor-widget elementor-widget-heading\" data-id=\"3672ade\" data-element_type=\"widget\" data-widget_type=\"heading.default\">\n\t\t\t\t<div class=\"elementor-widget-container\">\n\t\t\t<h2 class=\"elementor-heading-title elementor-size-default\">jelenia g\u00f3ra<\/h2>\t\t<\/div>\n\t\t\t\t<\/div>\n\t\t\t\t<div class=\"elementor-element elementor-element-7d3527c elementor-widget elementor-widget-text-editor\" data-id=\"7d3527c\" data-element_type=\"widget\" data-widget_type=\"text-editor.default\">\n\t\t\t\t<div class=\"elementor-widget-container\">\n\t\t\t\t\t\t\t\t<div class=\"elementor-text-editor elementor-clearfix\">\n\t\t\t\t<p>sprawd\u017a nasz\u0105 ofert\u0119 w Jeleniej G\u00f3rze<\/p>\t\t\t\t\t<\/div>\n\t\t\t\t\t\t<\/div>\n\t\t\t\t<\/div>\n\t\t\t\t<section class=\"elementor-section elementor-inner-section elementor-element elementor-element-4cadef5 elementor-section-boxed elementor-section-height-default elementor-section-height-default\" data-id=\"4cadef5\" data-element_type=\"section\">\n\t\t\t\t\t\t<div class=\"elementor-container elementor-column-gap-default\">\n\t\t\t\t\t\t\t<div class=\"elementor-row\">\n\t\t\t\t\t<div class=\"elementor-column elementor-col-50 elementor-inner-column elementor-element elementor-element-f245477\" data-id=\"f245477\" data-element_type=\"column\">\n\t\t\t<div class=\"elementor-column-wrap elementor-element-populated\">\n\t\t\t\t\t\t\t<div class=\"elementor-widget-wrap\">\n\t\t\t\t\t\t<div class=\"elementor-element elementor-element-1ff62fe elementor-widget elementor-widget-text-editor\" data-id=\"1ff62fe\" data-element_type=\"widget\" data-widget_type=\"text-editor.default\">\n\t\t\t\t<div class=\"elementor-widget-container\">\n\t\t\t\t\t\t\t\t<div class=\"elementor-text-editor elementor-clearfix\">\n\t\t\t\t<p>W Jeleniej G\u00f3rze oferujemy nast\u0119puj\u0105ce us\u0142ugi:<\/p><ol><li><span style=\"color: #808080;\"><a style=\"color: #808080;\" href=\"http:\/\/pzm.wroclaw.pl\/?page_id=838\">przegl\u0105dy rejestracyjne pojazd\u00f3w,<\/a><\/span><\/li><li><span style=\"color: #808080;\"><a style=\"color: #808080;\" href=\"http:\/\/pzm.wroclaw.pl\/?page_id=844\">sprzeda\u017cy winiet i ubezpiecze\u0144,<\/a><\/span><\/li><\/ol><p>PZM OZDG Oddzia\u0142 Jelenia G\u00f3ra<br \/>ul. Wolno\u015bci 57, 58-500 Jelenia G\u00f3ra<br \/>tel. kom. 665 727 006<br \/>tel. 75 752 62 85<br \/>email: <a href=\"mailto:jelenia.gora@pzm.pl\">jelenia.gora@pzm.pl<\/a><br \/>godziny otwarcia &#8211; od poniedzia\u0142ku do pi\u0105tku: od 8:00 do 16:00.<\/p><p>Stacja Kontroli Pojazd\u00f3w<br \/>ul. Wolno\u015bci 57, 58-500 Jelenia G\u00f3ra<br \/>tel. kom. 665 727 006<br \/>tel. 75 752 62 85, wew. 18<br \/>email: <u><span style=\"color: #0000ff;\"><a href=\"mailto:jelenia.gora@pzm.pl\">jelenia.gora@pzm.pl<\/a><\/span><\/u><br \/>godziny otwarcia &#8211; od poniedzia\u0142ku do pi\u0105tku: od 7:00 do 21:00<br \/>w soboty: od 7:00 do 15:00<\/p><p>\u00a0<\/p>\t\t\t\t\t<\/div>\n\t\t\t\t\t\t<\/div>\n\t\t\t\t<\/div>\n\t\t\t\t\t\t<\/div>\n\t\t\t\t\t<\/div>\n\t\t<\/div>\n\t\t\t\t<div class=\"elementor-column elementor-col-50 elementor-inner-column elementor-element elementor-element-3fa95c3\" data-id=\"3fa95c3\" data-element_type=\"column\">\n\t\t\t<div class=\"elementor-column-wrap elementor-element-populated\">\n\t\t\t\t\t\t\t<div class=\"elementor-widget-wrap\">\n\t\t\t\t\t\t<div class=\"elementor-element elementor-element-10a41e0 elementor-widget elementor-widget-google_maps\" data-id=\"10a41e0\" data-element_type=\"widget\" data-widget_type=\"google_maps.default\">\n\t\t\t\t<div class=\"elementor-widget-container\">\n\t\t\t\t\t<div class=\"elementor-custom-embed\">\n\t\t\t<iframe frameborder=\"0\" scrolling=\"no\" marginheight=\"0\" marginwidth=\"0\"\n\t\t\t\t\tsrc=\"https:\/\/maps.google.com\/maps?q=Jelenia%20G%C3%B3ra%2C%20ul.%20Wolno%C5%9Bci%2057&#038;t=m&#038;z=10&#038;output=embed&#038;iwloc=near\"\n\t\t\t\t\ttitle=\"Jelenia G\u00f3ra, ul. Wolno\u015bci 57\"\n\t\t\t\t\taria-label=\"Jelenia G\u00f3ra, ul. Wolno\u015bci 57\"\n\t\t\t><\/iframe>\n\t\t<\/div>\n\t\t\t\t<\/div>\n\t\t\t\t<\/div>\n\t\t\t\t\t\t<\/div>\n\t\t\t\t\t<\/div>\n\t\t<\/div>\n\t\t\t\t\t\t\t\t<\/div>\n\t\t\t\t\t<\/div>\n\t\t<\/section>\n\t\t\t\t<div class=\"elementor-element elementor-element-0e2fb95 elementor-widget elementor-widget-spacer\" data-id=\"0e2fb95\" data-element_type=\"widget\" data-widget_type=\"spacer.default\">\n\t\t\t\t<div class=\"elementor-widget-container\">\n\t\t\t\t\t<div class=\"elementor-spacer\">\n\t\t\t<div class=\"elementor-spacer-inner\"><\/div>\n\t\t<\/div>\n\t\t\t\t<\/div>\n\t\t\t\t<\/div>\n\t\t\t\t<div class=\"elementor-element elementor-element-a9e7d45 elementor-widget-divider--view-line elementor-widget elementor-widget-divider\" data-id=\"a9e7d45\" data-element_type=\"widget\" data-widget_type=\"divider.default\">\n\t\t\t\t<div class=\"elementor-widget-container\">\n\t\t\t\t\t<div class=\"elementor-divider\">\n\t\t\t<span class=\"elementor-divider-separator\">\n\t\t\t\t\t\t<\/span>\n\t\t<\/div>\n\t\t\t\t<\/div>\n\t\t\t\t<\/div>\n\t\t\t\t<div class=\"elementor-element elementor-element-f0735a7 elementor-widget elementor-widget-spacer\" data-id=\"f0735a7\" data-element_type=\"widget\" data-widget_type=\"spacer.default\">\n\t\t\t\t<div class=\"elementor-widget-container\">\n\t\t\t\t\t<div class=\"elementor-spacer\">\n\t\t\t<div class=\"elementor-spacer-inner\"><\/div>\n\t\t<\/div>\n\t\t\t\t<\/div>\n\t\t\t\t<\/div>\n\t\t\t\t\t\t<\/div>\n\t\t\t\t\t<\/div>\n\t\t<\/div>\n\t\t\t\t\t\t\t\t<\/div>\n\t\t\t\t\t<\/div>\n\t\t<\/section>\n\t\t\t\t<section class=\"elementor-section elementor-top-section elementor-element elementor-element-2314461 elementor-section-boxed elementor-section-height-default elementor-section-height-default\" data-id=\"2314461\" data-element_type=\"section\">\n\t\t\t\t\t\t<div class=\"elementor-container elementor-column-gap-default\">\n\t\t\t\t\t\t\t<div class=\"elementor-row\">\n\t\t\t\t\t<div class=\"elementor-column elementor-col-100 elementor-top-column elementor-element elementor-element-4aca120\" data-id=\"4aca120\" data-element_type=\"column\">\n\t\t\t<div class=\"elementor-column-wrap elementor-element-populated\">\n\t\t\t\t\t\t\t<div class=\"elementor-widget-wrap\">\n\t\t\t\t\t\t<div class=\"elementor-element elementor-element-e2913dd elementor-widget elementor-widget-text-editor\" data-id=\"e2913dd\" data-element_type=\"widget\" data-widget_type=\"text-editor.default\">\n\t\t\t\t<div class=\"elementor-widget-container\">\n\t\t\t\t\t\t\t\t<div class=\"elementor-text-editor elementor-clearfix\">\n\t\t\t\t<p>W Jeleniej G\u00f3rze oferujemy nast\u0119puj\u0105ce us\u0142ugi:<\/p><ol><li><span style=\"color: #808080;\"><a style=\"color: #808080;\" href=\"http:\/\/pzm.wroclaw.pl\/?page_id=838\">przegl\u0105dy rejestracyjne pojazd\u00f3w,<\/a><\/span><\/li><li><span style=\"color: #808080;\"><a style=\"color: #808080;\" href=\"http:\/\/pzm.wroclaw.pl\/?page_id=844\">sprzeda\u017cy winiet i ubezpiecze\u0144,<\/a><\/span><\/li><\/ol><p>PZM OZDG Oddzia\u0142 Jelenia G\u00f3ra<\/p><p>ul. Wolno\u015bci 57, 58-500 Jelenia G\u00f3ra<br \/>tel. kom. 665 727 006<br \/>tel. 75 752 62 85<br \/>email: <a href=\"mailto:jelenia.gora@pzm.pl\">jelenia.gora@pzm.pl<\/a><br \/>godziny otwarcia &#8211; od poniedzia\u0142ku do pi\u0105tku: od 8:00 do 16:00.<\/p><p>Stacja Kontroli Pojazd\u00f3w<br \/>ul. Wolno\u015bci 57, 58-500 Jelenia G\u00f3ra<br \/>tel. kom. 665 727 006<br \/>tel. 75 752 62 85, wew. 18<br \/>email: <a href=\"mailto:skp.jelenia.gora@pzm.pl\"><u><span style=\"color: #0000ff;\"><a class=\"moz-txt-link-abbreviated\" href=\"mailto:jelenia.gora@pzm.pl\">jelenia.gora@pzm.pl<\/a><\/span><\/u><\/a><br \/>godziny otwarcia &#8211; od poniedzia\u0142ku do pi\u0105tku: od 7:00 do 21:00<br \/>w soboty: od 7:00 do 15:00<\/p>\t\t\t\t\t<\/div>\n\t\t\t\t\t\t<\/div>\n\t\t\t\t<\/div>\n\t\t\t\t\t\t<\/div>\n\t\t\t\t\t<\/div>\n\t\t<\/div>\n\t\t\t\t\t\t\t\t<\/div>\n\t\t\t\t\t<\/div>\n\t\t<\/section>\n\t\t\t\t\t\t<\/div>\n\t\t\t\t\t\t<\/div>\n\t\t\t\t\t<\/div>\n\t\t","protected":false},"excerpt":{"rendered":"<p>jelenia g\u00f3ra sprawd\u017a nasz\u0105 ofert\u0119 w Jeleniej G\u00f3rze W Jeleniej G\u00f3rze oferujemy nast\u0119puj\u0105ce us\u0142ugi: przegl\u0105dy rejestracyjne pojazd\u00f3w, sprzeda\u017cy winiet i ubezpiecze\u0144, PZM OZDG Oddzia\u0142 Jelenia G\u00f3raul. Wolno\u015bci 57, 58-500 Jelenia G\u00f3ratel. kom. 665 727 006tel. 75 752 62 85email: jelenia.gora@pzm.plgodziny otwarcia &#8211; od poniedzia\u0142ku do pi\u0105tku: od 8:00 do 16:00. Stacja Kontroli Pojazd\u00f3wul. Wolno\u015bci 57,&hellip;&nbsp;<a href=\"https:\/\/pzm.wroclaw.pl\/?page_id=913\" class=\"\" rel=\"bookmark\">Read More &raquo;<span class=\"screen-reader-text\">Jelenia G\u00f3ra<\/span><\/a><\/p>\n","protected":false},"author":1,"featured_media":0,"parent":0,"menu_order":0,"comment_status":"closed","ping_status":"closed","template":"page-templates\/template-pagebuilder-full-width.php","meta":{"neve_meta_sidebar":"full-width","neve_meta_container":"","neve_meta_enable_content_width":"on","neve_meta_content_width":100,"neve_meta_title_alignment":"","neve_meta_author_avatar":"","neve_post_elements_order":"","neve_meta_disable_header":"","neve_meta_disable_footer":"","neve_meta_disable_title":"","spay_email":"","footnotes":""},"class_list":["post-913","page","type-page","status-publish","hentry"],"_links":{"self":[{"href":"https:\/\/pzm.wroclaw.pl\/index.php?rest_route=\/wp\/v2\/pages\/913","targetHints":{"allow":["GET"]}}],"collection":[{"href":"https:\/\/pzm.wroclaw.pl\/index.php?rest_route=\/wp\/v2\/pages"}],"about":[{"href":"https:\/\/pzm.wroclaw.pl\/index.php?rest_route=\/wp\/v2\/types\/page"}],"author":[{"embeddable":true,"href":"https:\/\/pzm.wroclaw.pl\/index.php?rest_route=\/wp\/v2\/users\/1"}],"replies":[{"embeddable":true,"href":"https:\/\/pzm.wroclaw.pl\/index.php?rest_route=%2Fwp%2Fv2%2Fcomments&post=913"}],"version-history":[{"count":104,"href":"https:\/\/pzm.wroclaw.pl\/index.php?rest_route=\/wp\/v2\/pages\/913\/revisions"}],"predecessor-version":[{"id":1998,"href":"https:\/\/pzm.wroclaw.pl\/index.php?rest_route=\/wp\/v2\/pages\/913\/revisions\/1998"}],"wp:attachment":[{"href":"https:\/\/pzm.wroclaw.pl\/index.php?rest_route=%2Fwp%2Fv2%2Fmedia&parent=913"}],"curies":[{"name":"wp","href":"https:\/\/api.w.org\/{rel}","templated":true}]}}