{"id":848,"date":"2020-06-22T04:17:01","date_gmt":"2020-06-22T02:17:01","guid":{"rendered":"http:\/\/pzm.wroclaw.pl\/?page_id=848"},"modified":"2020-07-31T11:42:28","modified_gmt":"2020-07-31T09:42:28","slug":"czlonkostwo-w-strukturach-pzm","status":"publish","type":"page","link":"https:\/\/pzm.wroclaw.pl\/?page_id=848","title":{"rendered":"Przynale\u017cno\u015b\u0107 do Klubu SOS PZMot"},"content":{"rendered":"\t\t<div data-elementor-type=\"wp-page\" data-elementor-id=\"848\" class=\"elementor elementor-848\" data-elementor-settings=\"[]\">\n\t\t\t\t\t\t<div class=\"elementor-inner\">\n\t\t\t\t\t\t\t<div class=\"elementor-section-wrap\">\n\t\t\t\t\t\t\t<section class=\"elementor-section elementor-top-section elementor-element elementor-element-3b3789d elementor-section-boxed elementor-section-height-default elementor-section-height-default\" data-id=\"3b3789d\" data-element_type=\"section\">\n\t\t\t\t\t\t<div class=\"elementor-container elementor-column-gap-default\">\n\t\t\t\t\t\t\t<div class=\"elementor-row\">\n\t\t\t\t\t<div class=\"elementor-column elementor-col-100 elementor-top-column elementor-element elementor-element-2dc0463\" data-id=\"2dc0463\" data-element_type=\"column\">\n\t\t\t<div class=\"elementor-column-wrap elementor-element-populated\">\n\t\t\t\t\t\t\t<div class=\"elementor-widget-wrap\">\n\t\t\t\t\t\t<div class=\"elementor-element elementor-element-e7a941e elementor-widget elementor-widget-spacer\" data-id=\"e7a941e\" data-element_type=\"widget\" data-widget_type=\"spacer.default\">\n\t\t\t\t<div class=\"elementor-widget-container\">\n\t\t\t\t\t<div class=\"elementor-spacer\">\n\t\t\t<div class=\"elementor-spacer-inner\"><\/div>\n\t\t<\/div>\n\t\t\t\t<\/div>\n\t\t\t\t<\/div>\n\t\t\t\t<div class=\"elementor-element elementor-element-cba4304 elementor-widget-divider--view-line elementor-widget elementor-widget-divider\" data-id=\"cba4304\" data-element_type=\"widget\" data-widget_type=\"divider.default\">\n\t\t\t\t<div class=\"elementor-widget-container\">\n\t\t\t\t\t<div class=\"elementor-divider\">\n\t\t\t<span class=\"elementor-divider-separator\">\n\t\t\t\t\t\t<\/span>\n\t\t<\/div>\n\t\t\t\t<\/div>\n\t\t\t\t<\/div>\n\t\t\t\t<div class=\"elementor-element elementor-element-d618606 elementor-widget elementor-widget-heading\" data-id=\"d618606\" data-element_type=\"widget\" data-widget_type=\"heading.default\">\n\t\t\t\t<div class=\"elementor-widget-container\">\n\t\t\t<h2 class=\"elementor-heading-title elementor-size-default\">przynale\u017cno\u015b\u0107 do klubu sos pzmot<\/h2>\t\t<\/div>\n\t\t\t\t<\/div>\n\t\t\t\t<div class=\"elementor-element elementor-element-3559ce8 elementor-widget elementor-widget-text-editor\" data-id=\"3559ce8\" data-element_type=\"widget\" data-widget_type=\"text-editor.default\">\n\t\t\t\t<div class=\"elementor-widget-container\">\n\t\t\t\t\t\t\t\t<div class=\"elementor-text-editor elementor-clearfix\">\n\t\t\t\t<p>zosta\u0144 Cz\u0142onkiem najwi\u0119kszej organizacji motoryzacyjnej w Polsce<\/p>\t\t\t\t\t<\/div>\n\t\t\t\t\t\t<\/div>\n\t\t\t\t<\/div>\n\t\t\t\t<div class=\"elementor-element elementor-element-0384e42 elementor-position-left elementor-vertical-align-middle elementor-widget elementor-widget-image-box\" data-id=\"0384e42\" data-element_type=\"widget\" data-widget_type=\"image-box.default\">\n\t\t\t\t<div class=\"elementor-widget-container\">\n\t\t\t<div class=\"elementor-image-box-wrapper\"><figure class=\"elementor-image-box-img\"><img loading=\"lazy\" decoding=\"async\" width=\"1024\" height=\"683\" src=\"https:\/\/pzm.wroclaw.pl\/wp-content\/uploads\/2020\/06\/Cz\u0142onkowstwo_pzm.jpg\" class=\"attachment-full size-full\" alt=\"\" \/><\/figure><div class=\"elementor-image-box-content\"><p class=\"elementor-image-box-description\">Cz\u0142onkostwo w strukturach PZM to m.in. przynale\u017cno\u015b\u0107 do Klubu SOS PZMot. W ramach takiej przynale\u017cno\u015bci naszym klientom przys\u0142uguje:<br><br>1.\tPomoc drogowa na obszarze Polski, a tak\u017ce za granic\u0105,<br>\u2022\tpomoc assistance w ka\u017cdym poje\u017adzie, kt\u00f3rym kierujesz,<br>\u2022\tbrak limitu dla liczby udzielonych pomocy assistance,<br>\u2022\tszybka reakcja przez ca\u0142\u0105 dob\u0119,<br>\u2022\tpojazdy bez ograniczenia wieku,<br>\u2022\tholowanie nawet do 1000 km.<br>2.\tBogata oferta ubezpiecze\u0144 zdrowotnych<br>\u2022\tmo\u017cliwo\u015b\u0107 ochrony na ca\u0142ym \u015bwiecie,<br>\u2022\tmo\u017cliwo\u015b\u0107 obj\u0119cia opiek\u0105 senior\u00f3w,<br>\u2022\tszeroki zakres ubezpieczenia,<br>\u2022\tobs\u0142uga przez 24h na dob\u0119, 7 dni w tygodniu.<br>3.\tDodatkowe zni\u017cki<br>\u2022\tdodatkowa zni\u017cka dla pojazd\u00f3w klasycznych,<br>\u2022\tzni\u017cki do ubezpiecze\u0144 domowych,<br>\u2022\tzni\u017cki na ubezpieczenie OC i AC.<br><br>W celu zakupu pakiet\u00f3w zapraszamy do naszych Oddzia\u0142\u00f3w.<\/p><\/div><\/div>\t\t<\/div>\n\t\t\t\t<\/div>\n\t\t\t\t<div class=\"elementor-element elementor-element-7fc375f elementor-widget elementor-widget-spacer\" data-id=\"7fc375f\" data-element_type=\"widget\" data-widget_type=\"spacer.default\">\n\t\t\t\t<div class=\"elementor-widget-container\">\n\t\t\t\t\t<div class=\"elementor-spacer\">\n\t\t\t<div class=\"elementor-spacer-inner\"><\/div>\n\t\t<\/div>\n\t\t\t\t<\/div>\n\t\t\t\t<\/div>\n\t\t\t\t<div class=\"elementor-element elementor-element-ed275d7 elementor-widget-divider--view-line elementor-widget elementor-widget-divider\" data-id=\"ed275d7\" data-element_type=\"widget\" data-widget_type=\"divider.default\">\n\t\t\t\t<div class=\"elementor-widget-container\">\n\t\t\t\t\t<div class=\"elementor-divider\">\n\t\t\t<span class=\"elementor-divider-separator\">\n\t\t\t\t\t\t<\/span>\n\t\t<\/div>\n\t\t\t\t<\/div>\n\t\t\t\t<\/div>\n\t\t\t\t<div class=\"elementor-element elementor-element-95d61c6 elementor-widget elementor-widget-spacer\" data-id=\"95d61c6\" data-element_type=\"widget\" data-widget_type=\"spacer.default\">\n\t\t\t\t<div class=\"elementor-widget-container\">\n\t\t\t\t\t<div class=\"elementor-spacer\">\n\t\t\t<div class=\"elementor-spacer-inner\"><\/div>\n\t\t<\/div>\n\t\t\t\t<\/div>\n\t\t\t\t<\/div>\n\t\t\t\t\t\t<\/div>\n\t\t\t\t\t<\/div>\n\t\t<\/div>\n\t\t\t\t\t\t\t\t<\/div>\n\t\t\t\t\t<\/div>\n\t\t<\/section>\n\t\t\t\t\t\t<\/div>\n\t\t\t\t\t\t<\/div>\n\t\t\t\t\t<\/div>\n\t\t","protected":false},"excerpt":{"rendered":"<p>przynale\u017cno\u015b\u0107 do klubu sos pzmot zosta\u0144 Cz\u0142onkiem najwi\u0119kszej organizacji motoryzacyjnej w Polsce Cz\u0142onkostwo w strukturach PZM to m.in. przynale\u017cno\u015b\u0107 do Klubu SOS PZMot. W ramach takiej przynale\u017cno\u015bci naszym klientom przys\u0142uguje: 1. Pomoc drogowa na obszarze Polski, a tak\u017ce za granic\u0105,\u2022 pomoc assistance w ka\u017cdym poje\u017adzie, kt\u00f3rym kierujesz,\u2022 brak limitu dla liczby udzielonych pomocy assistance,\u2022 szybka&hellip;&nbsp;<a href=\"https:\/\/pzm.wroclaw.pl\/?page_id=848\" class=\"\" rel=\"bookmark\">Read More &raquo;<span class=\"screen-reader-text\">Przynale\u017cno\u015b\u0107 do Klubu SOS PZMot<\/span><\/a><\/p>\n","protected":false},"author":1,"featured_media":0,"parent":0,"menu_order":0,"comment_status":"closed","ping_status":"closed","template":"page-templates\/template-pagebuilder-full-width.php","meta":{"neve_meta_sidebar":"full-width","neve_meta_container":"","neve_meta_enable_content_width":"on","neve_meta_content_width":100,"neve_meta_title_alignment":"","neve_meta_author_avatar":"","neve_post_elements_order":"","neve_meta_disable_header":"","neve_meta_disable_footer":"","neve_meta_disable_title":"","spay_email":"","footnotes":""},"class_list":["post-848","page","type-page","status-publish","hentry"],"_links":{"self":[{"href":"https:\/\/pzm.wroclaw.pl\/index.php?rest_route=\/wp\/v2\/pages\/848","targetHints":{"allow":["GET"]}}],"collection":[{"href":"https:\/\/pzm.wroclaw.pl\/index.php?rest_route=\/wp\/v2\/pages"}],"about":[{"href":"https:\/\/pzm.wroclaw.pl\/index.php?rest_route=\/wp\/v2\/types\/page"}],"author":[{"embeddable":true,"href":"https:\/\/pzm.wroclaw.pl\/index.php?rest_route=\/wp\/v2\/users\/1"}],"replies":[{"embeddable":true,"href":"https:\/\/pzm.wroclaw.pl\/index.php?rest_route=%2Fwp%2Fv2%2Fcomments&post=848"}],"version-history":[{"count":14,"href":"https:\/\/pzm.wroclaw.pl\/index.php?rest_route=\/wp\/v2\/pages\/848\/revisions"}],"predecessor-version":[{"id":1415,"href":"https:\/\/pzm.wroclaw.pl\/index.php?rest_route=\/wp\/v2\/pages\/848\/revisions\/1415"}],"wp:attachment":[{"href":"https:\/\/pzm.wroclaw.pl\/index.php?rest_route=%2Fwp%2Fv2%2Fmedia&parent=848"}],"curies":[{"name":"wp","href":"https:\/\/api.w.org\/{rel}","templated":true}]}}