{"id":846,"date":"2020-06-22T04:16:23","date_gmt":"2020-06-22T02:16:23","guid":{"rendered":"http:\/\/pzm.wroclaw.pl\/?page_id=846"},"modified":"2020-09-07T17:39:53","modified_gmt":"2020-09-07T15:39:53","slug":"uslugi-rzeczoznawstwa","status":"publish","type":"page","link":"https:\/\/pzm.wroclaw.pl\/?page_id=846","title":{"rendered":"Us\u0142ugi rzeczoznawstwa"},"content":{"rendered":"\t\t<div data-elementor-type=\"wp-page\" data-elementor-id=\"846\" class=\"elementor elementor-846\" data-elementor-settings=\"[]\">\n\t\t\t\t\t\t<div class=\"elementor-inner\">\n\t\t\t\t\t\t\t<div class=\"elementor-section-wrap\">\n\t\t\t\t\t\t\t<section class=\"elementor-section elementor-top-section elementor-element elementor-element-d3137da elementor-section-boxed elementor-section-height-default elementor-section-height-default\" data-id=\"d3137da\" data-element_type=\"section\">\n\t\t\t\t\t\t<div class=\"elementor-container elementor-column-gap-default\">\n\t\t\t\t\t\t\t<div class=\"elementor-row\">\n\t\t\t\t\t<div class=\"elementor-column elementor-col-100 elementor-top-column elementor-element elementor-element-04dd767\" data-id=\"04dd767\" data-element_type=\"column\">\n\t\t\t<div class=\"elementor-column-wrap elementor-element-populated\">\n\t\t\t\t\t\t\t<div class=\"elementor-widget-wrap\">\n\t\t\t\t\t\t<div class=\"elementor-element elementor-element-4509dc7 elementor-widget elementor-widget-spacer\" data-id=\"4509dc7\" data-element_type=\"widget\" data-widget_type=\"spacer.default\">\n\t\t\t\t<div class=\"elementor-widget-container\">\n\t\t\t\t\t<div class=\"elementor-spacer\">\n\t\t\t<div class=\"elementor-spacer-inner\"><\/div>\n\t\t<\/div>\n\t\t\t\t<\/div>\n\t\t\t\t<\/div>\n\t\t\t\t<div class=\"elementor-element elementor-element-76fd11e elementor-widget-divider--view-line elementor-widget elementor-widget-divider\" data-id=\"76fd11e\" data-element_type=\"widget\" data-widget_type=\"divider.default\">\n\t\t\t\t<div class=\"elementor-widget-container\">\n\t\t\t\t\t<div class=\"elementor-divider\">\n\t\t\t<span class=\"elementor-divider-separator\">\n\t\t\t\t\t\t<\/span>\n\t\t<\/div>\n\t\t\t\t<\/div>\n\t\t\t\t<\/div>\n\t\t\t\t<div class=\"elementor-element elementor-element-ebe3a8c elementor-widget elementor-widget-heading\" data-id=\"ebe3a8c\" data-element_type=\"widget\" data-widget_type=\"heading.default\">\n\t\t\t\t<div class=\"elementor-widget-container\">\n\t\t\t<h2 class=\"elementor-heading-title elementor-size-default\">Us\u0142ugi rzeczoznawstwa<\/h2>\t\t<\/div>\n\t\t\t\t<\/div>\n\t\t\t\t<div class=\"elementor-element elementor-element-69c7a08 elementor-widget elementor-widget-text-editor\" data-id=\"69c7a08\" data-element_type=\"widget\" data-widget_type=\"text-editor.default\">\n\t\t\t\t<div class=\"elementor-widget-container\">\n\t\t\t\t\t\t\t\t<div class=\"elementor-text-editor elementor-clearfix\">\n\t\t\t\t<p>skorzystaj z eksperckich us\u0142ug naszych specjalist\u00f3w<\/p>\t\t\t\t\t<\/div>\n\t\t\t\t\t\t<\/div>\n\t\t\t\t<\/div>\n\t\t\t\t<div class=\"elementor-element elementor-element-dde964d elementor-position-left elementor-vertical-align-middle elementor-widget elementor-widget-image-box\" data-id=\"dde964d\" data-element_type=\"widget\" data-widget_type=\"image-box.default\">\n\t\t\t\t<div class=\"elementor-widget-container\">\n\t\t\t<div class=\"elementor-image-box-wrapper\"><figure class=\"elementor-image-box-img\"><img loading=\"lazy\" decoding=\"async\" width=\"1024\" height=\"857\" src=\"https:\/\/pzm.wroclaw.pl\/wp-content\/uploads\/2020\/06\/rzeczoznawstwo_1.jpg\" class=\"attachment-full size-full\" alt=\"\" \/><\/figure><div class=\"elementor-image-box-content\"><p class=\"elementor-image-box-description\">Polski Zwi\u0105zek Motorowy proponuje kompleksow\u0105 obs\u0142ug\u0119 w zakresie rzeczoznawstwa samochodowego. Dysponujemy profesjonalnym zapleczem technicznym. Oferujemy:<br><br>\u2022\twyceny pojazd\u00f3w samochodowych, maszyn rolniczych oraz innych urz\u0105dze\u0144,<br>\u2022\tocen\u0119 koszt\u00f3w napraw pojazd\u00f3w samochodowych po kolizjach,<br>\u2022\tszacowanie warto\u015bci samochod\u00f3w uszkodzonych,<br>\u2022\tweryfikacj\u0119 koszt\u00f3w napraw wykonanych przez towarzystwa ubezpieczeniowe,<br>\u2022\tdoradztwo w zakresie wykrocze\u0144 w ruchu drogowym,<br>\u2022\topiniowanie w zakresie rekonstrukcji wypadk\u00f3w drogowych,<br>\u2022\topiniowanie techniczne pojazd\u00f3w zabytkowych.<br>\n<br>Zapraszamy do kontaktu:<br>1. e-mail: rzeczoznawcy.wroclaw@pzm.pl<br>2. tel. 665 727 008<\/p><\/div><\/div>\t\t<\/div>\n\t\t\t\t<\/div>\n\t\t\t\t<div class=\"elementor-element elementor-element-4b8680d elementor-widget elementor-widget-spacer\" data-id=\"4b8680d\" data-element_type=\"widget\" data-widget_type=\"spacer.default\">\n\t\t\t\t<div class=\"elementor-widget-container\">\n\t\t\t\t\t<div class=\"elementor-spacer\">\n\t\t\t<div class=\"elementor-spacer-inner\"><\/div>\n\t\t<\/div>\n\t\t\t\t<\/div>\n\t\t\t\t<\/div>\n\t\t\t\t<div class=\"elementor-element elementor-element-7055951 elementor-widget-divider--view-line elementor-widget elementor-widget-divider\" data-id=\"7055951\" data-element_type=\"widget\" data-widget_type=\"divider.default\">\n\t\t\t\t<div class=\"elementor-widget-container\">\n\t\t\t\t\t<div class=\"elementor-divider\">\n\t\t\t<span class=\"elementor-divider-separator\">\n\t\t\t\t\t\t<\/span>\n\t\t<\/div>\n\t\t\t\t<\/div>\n\t\t\t\t<\/div>\n\t\t\t\t<div class=\"elementor-element elementor-element-3c11b05 elementor-widget elementor-widget-spacer\" data-id=\"3c11b05\" data-element_type=\"widget\" data-widget_type=\"spacer.default\">\n\t\t\t\t<div class=\"elementor-widget-container\">\n\t\t\t\t\t<div class=\"elementor-spacer\">\n\t\t\t<div class=\"elementor-spacer-inner\"><\/div>\n\t\t<\/div>\n\t\t\t\t<\/div>\n\t\t\t\t<\/div>\n\t\t\t\t\t\t<\/div>\n\t\t\t\t\t<\/div>\n\t\t<\/div>\n\t\t\t\t\t\t\t\t<\/div>\n\t\t\t\t\t<\/div>\n\t\t<\/section>\n\t\t\t\t\t\t<\/div>\n\t\t\t\t\t\t<\/div>\n\t\t\t\t\t<\/div>\n\t\t","protected":false},"excerpt":{"rendered":"<p>Us\u0142ugi rzeczoznawstwa skorzystaj z eksperckich us\u0142ug naszych specjalist\u00f3w Polski Zwi\u0105zek Motorowy proponuje kompleksow\u0105 obs\u0142ug\u0119 w zakresie rzeczoznawstwa samochodowego. Dysponujemy profesjonalnym zapleczem technicznym. Oferujemy: \u2022 wyceny pojazd\u00f3w samochodowych, maszyn rolniczych oraz innych urz\u0105dze\u0144,\u2022 ocen\u0119 koszt\u00f3w napraw pojazd\u00f3w samochodowych po kolizjach,\u2022 szacowanie warto\u015bci samochod\u00f3w uszkodzonych,\u2022 weryfikacj\u0119 koszt\u00f3w napraw wykonanych przez towarzystwa ubezpieczeniowe,\u2022 doradztwo w zakresie wykrocze\u0144 w&hellip;&nbsp;<a href=\"https:\/\/pzm.wroclaw.pl\/?page_id=846\" class=\"\" rel=\"bookmark\">Read More &raquo;<span class=\"screen-reader-text\">Us\u0142ugi rzeczoznawstwa<\/span><\/a><\/p>\n","protected":false},"author":1,"featured_media":0,"parent":0,"menu_order":0,"comment_status":"closed","ping_status":"closed","template":"page-templates\/template-pagebuilder-full-width.php","meta":{"neve_meta_sidebar":"full-width","neve_meta_container":"","neve_meta_enable_content_width":"on","neve_meta_content_width":100,"neve_meta_title_alignment":"","neve_meta_author_avatar":"","neve_post_elements_order":"","neve_meta_disable_header":"","neve_meta_disable_footer":"","neve_meta_disable_title":"","spay_email":"","footnotes":""},"class_list":["post-846","page","type-page","status-publish","hentry"],"_links":{"self":[{"href":"https:\/\/pzm.wroclaw.pl\/index.php?rest_route=\/wp\/v2\/pages\/846","targetHints":{"allow":["GET"]}}],"collection":[{"href":"https:\/\/pzm.wroclaw.pl\/index.php?rest_route=\/wp\/v2\/pages"}],"about":[{"href":"https:\/\/pzm.wroclaw.pl\/index.php?rest_route=\/wp\/v2\/types\/page"}],"author":[{"embeddable":true,"href":"https:\/\/pzm.wroclaw.pl\/index.php?rest_route=\/wp\/v2\/users\/1"}],"replies":[{"embeddable":true,"href":"https:\/\/pzm.wroclaw.pl\/index.php?rest_route=%2Fwp%2Fv2%2Fcomments&post=846"}],"version-history":[{"count":16,"href":"https:\/\/pzm.wroclaw.pl\/index.php?rest_route=\/wp\/v2\/pages\/846\/revisions"}],"predecessor-version":[{"id":1439,"href":"https:\/\/pzm.wroclaw.pl\/index.php?rest_route=\/wp\/v2\/pages\/846\/revisions\/1439"}],"wp:attachment":[{"href":"https:\/\/pzm.wroclaw.pl\/index.php?rest_route=%2Fwp%2Fv2%2Fmedia&parent=846"}],"curies":[{"name":"wp","href":"https:\/\/api.w.org\/{rel}","templated":true}]}}