{"id":844,"date":"2020-06-22T04:15:57","date_gmt":"2020-06-22T02:15:57","guid":{"rendered":"http:\/\/pzm.wroclaw.pl\/?page_id=844"},"modified":"2020-06-27T05:05:20","modified_gmt":"2020-06-27T03:05:20","slug":"sprzedaz-winiet-i-ubezpieczen","status":"publish","type":"page","link":"https:\/\/pzm.wroclaw.pl\/?page_id=844","title":{"rendered":"Sprzeda\u017c winiet i ubezpiecze\u0144"},"content":{"rendered":"\t\t<div data-elementor-type=\"wp-page\" data-elementor-id=\"844\" class=\"elementor elementor-844\" data-elementor-settings=\"[]\">\n\t\t\t\t\t\t<div class=\"elementor-inner\">\n\t\t\t\t\t\t\t<div class=\"elementor-section-wrap\">\n\t\t\t\t\t\t\t<section class=\"elementor-section elementor-top-section elementor-element elementor-element-86f3ae1 elementor-section-boxed elementor-section-height-default elementor-section-height-default\" data-id=\"86f3ae1\" data-element_type=\"section\">\n\t\t\t\t\t\t<div class=\"elementor-container elementor-column-gap-default\">\n\t\t\t\t\t\t\t<div class=\"elementor-row\">\n\t\t\t\t\t<div class=\"elementor-column elementor-col-100 elementor-top-column elementor-element elementor-element-711a6b3\" data-id=\"711a6b3\" data-element_type=\"column\">\n\t\t\t<div class=\"elementor-column-wrap elementor-element-populated\">\n\t\t\t\t\t\t\t<div class=\"elementor-widget-wrap\">\n\t\t\t\t\t\t<div class=\"elementor-element elementor-element-dec196a elementor-widget elementor-widget-spacer\" data-id=\"dec196a\" data-element_type=\"widget\" data-widget_type=\"spacer.default\">\n\t\t\t\t<div class=\"elementor-widget-container\">\n\t\t\t\t\t<div class=\"elementor-spacer\">\n\t\t\t<div class=\"elementor-spacer-inner\"><\/div>\n\t\t<\/div>\n\t\t\t\t<\/div>\n\t\t\t\t<\/div>\n\t\t\t\t<div class=\"elementor-element elementor-element-d420554 elementor-widget-divider--view-line elementor-widget elementor-widget-divider\" data-id=\"d420554\" data-element_type=\"widget\" data-widget_type=\"divider.default\">\n\t\t\t\t<div class=\"elementor-widget-container\">\n\t\t\t\t\t<div class=\"elementor-divider\">\n\t\t\t<span class=\"elementor-divider-separator\">\n\t\t\t\t\t\t<\/span>\n\t\t<\/div>\n\t\t\t\t<\/div>\n\t\t\t\t<\/div>\n\t\t\t\t<div class=\"elementor-element elementor-element-a65b1c5 elementor-widget elementor-widget-heading\" data-id=\"a65b1c5\" data-element_type=\"widget\" data-widget_type=\"heading.default\">\n\t\t\t\t<div class=\"elementor-widget-container\">\n\t\t\t<h2 class=\"elementor-heading-title elementor-size-default\">sprzeda\u017c winiet i ubezpiecze\u0144<\/h2>\t\t<\/div>\n\t\t\t\t<\/div>\n\t\t\t\t<div class=\"elementor-element elementor-element-33ee337 elementor-widget elementor-widget-text-editor\" data-id=\"33ee337\" data-element_type=\"widget\" data-widget_type=\"text-editor.default\">\n\t\t\t\t<div class=\"elementor-widget-container\">\n\t\t\t\t\t\t\t\t<div class=\"elementor-text-editor elementor-clearfix\">\n\t\t\t\t<p>Tw\u00f3j komfort i bezpiecze\u0144stwo jest dla nas priorytetem<\/p>\t\t\t\t\t<\/div>\n\t\t\t\t\t\t<\/div>\n\t\t\t\t<\/div>\n\t\t\t\t<div class=\"elementor-element elementor-element-5e9e5c0 elementor-position-left elementor-vertical-align-middle elementor-widget elementor-widget-image-box\" data-id=\"5e9e5c0\" data-element_type=\"widget\" data-widget_type=\"image-box.default\">\n\t\t\t\t<div class=\"elementor-widget-container\">\n\t\t\t<div class=\"elementor-image-box-wrapper\"><figure class=\"elementor-image-box-img\"><img loading=\"lazy\" decoding=\"async\" width=\"1024\" height=\"683\" src=\"https:\/\/pzm.wroclaw.pl\/wp-content\/uploads\/2020\/06\/Offer_1.jpg\" class=\"attachment-full size-full\" alt=\"\" \/><\/figure><div class=\"elementor-image-box-content\"><p class=\"elementor-image-box-description\">Prowadzimy sprzeda\u017c nast\u0119puj\u0105cych winiet:\n<br><br><b>1. Austria<\/b> - winieta na drogi ekspresowe oraz autostrady w Austrii, wa\u017cna 10 dni, 2 miesi\u0105ce, 1 rok.<br><b>2. Czechy<\/b> - winieta na drogi ekspresowe oraz autostrady w Czechach, wa\u017cna 10 dni, 1 miesi\u0105c, 1 rok.<br><b>3. S\u0142owacja<\/b> - od 1 stycznia 2016 roku winieta elektroniczna zast\u0105pi\u0142a tradycyjn\u0105 winiet\u0119 samoprzylepn\u0105, wa\u017cna 10 dni, 30 dni, 1 rok.<br><b>4. Szwajcaria<\/b> - winieta wa\u017cna od 1 grudnia roku poprzedzaj\u0105cego do 31 stycznia roku kolejnego. Na autostradach szwajcarskich pojazdy silnikowe i przyczepy nale\u017cy osobno zaopatrzy\u0107 ka\u017cde w jedn\u0105 winiet\u0119.<br><b>5. S\u0142owenia<\/b> -  winieta kategorii 2A wa\u017cna 7 dni, 1 miesi\u0105c; winieta kategorii 2B, wa\u017cna 7 dni,  1 miesi\u0105c.<br><b>6. W\u0119gry<\/b> - winieta elektroniczna e-matrica zast\u0105pi\u0142a tradycyjn\u0105 winiet\u0119 samoprzylepn\u0105. Winieta wa\u017cna 10 dni, 1 miesi\u0105c, 1 rok.<br><b>7. Karnety kempingowe CCI<\/b>\n\n<\/p><\/div><\/div>\t\t<\/div>\n\t\t\t\t<\/div>\n\t\t\t\t<section class=\"elementor-section elementor-inner-section elementor-element elementor-element-9c566e5 elementor-section-boxed elementor-section-height-default elementor-section-height-default\" data-id=\"9c566e5\" data-element_type=\"section\">\n\t\t\t\t\t\t<div class=\"elementor-container elementor-column-gap-default\">\n\t\t\t\t\t\t\t<div class=\"elementor-row\">\n\t\t\t\t\t<div class=\"elementor-column elementor-col-50 elementor-inner-column elementor-element elementor-element-095d50f\" data-id=\"095d50f\" data-element_type=\"column\">\n\t\t\t<div class=\"elementor-column-wrap elementor-element-populated\">\n\t\t\t\t\t\t\t<div class=\"elementor-widget-wrap\">\n\t\t\t\t\t\t<div class=\"elementor-element elementor-element-b57a374 elementor-widget elementor-widget-text-editor\" data-id=\"b57a374\" data-element_type=\"widget\" data-widget_type=\"text-editor.default\">\n\t\t\t\t<div class=\"elementor-widget-container\">\n\t\t\t\t\t\t\t\t<div class=\"elementor-text-editor elementor-clearfix\">\n\t\t\t\t<p>Winiety mo\u017cna zakupi\u0107 w nast\u0119puj\u0105cych naszych lokalizacjach:<\/p><ol><li><span style=\"color: #808080;\"><a style=\"color: #808080;\" href=\"http:\/\/pzm.wroclaw.pl\/?page_id=907\">Wroc\u0142aw<\/a><\/span><\/li><li><span style=\"color: #808080;\"><a style=\"color: #808080;\" href=\"http:\/\/pzm.wroclaw.pl\/?page_id=909\">Legnica<\/a><\/span><\/li><li><span style=\"color: #808080;\"><a style=\"color: #808080;\" href=\"http:\/\/pzm.wroclaw.pl\/?page_id=911\">Lubin<\/a><\/span><\/li><li><span style=\"color: #808080;\"><a style=\"color: #808080;\" href=\"http:\/\/pzm.wroclaw.pl\/?page_id=913\">Jelenia G\u00f3ra<\/a><\/span><\/li><li><span style=\"color: #808080;\"><a style=\"color: #808080;\" href=\"http:\/\/pzm.wroclaw.pl\/?page_id=915\">Zielona G\u00f3ra<\/a><\/span><\/li><li><span style=\"color: #808080;\">Kudowa<\/span><\/li><\/ol>\t\t\t\t\t<\/div>\n\t\t\t\t\t\t<\/div>\n\t\t\t\t<\/div>\n\t\t\t\t\t\t<\/div>\n\t\t\t\t\t<\/div>\n\t\t<\/div>\n\t\t\t\t<div class=\"elementor-column elementor-col-50 elementor-inner-column elementor-element elementor-element-35925e3\" data-id=\"35925e3\" data-element_type=\"column\">\n\t\t\t<div class=\"elementor-column-wrap\">\n\t\t\t\t\t\t\t<div class=\"elementor-widget-wrap\">\n\t\t\t\t\t\t\t\t<\/div>\n\t\t\t\t\t<\/div>\n\t\t<\/div>\n\t\t\t\t\t\t\t\t<\/div>\n\t\t\t\t\t<\/div>\n\t\t<\/section>\n\t\t\t\t<div class=\"elementor-element elementor-element-0b8ba71 elementor-widget-divider--view-line elementor-widget elementor-widget-divider\" data-id=\"0b8ba71\" data-element_type=\"widget\" data-widget_type=\"divider.default\">\n\t\t\t\t<div class=\"elementor-widget-container\">\n\t\t\t\t\t<div class=\"elementor-divider\">\n\t\t\t<span class=\"elementor-divider-separator\">\n\t\t\t\t\t\t<\/span>\n\t\t<\/div>\n\t\t\t\t<\/div>\n\t\t\t\t<\/div>\n\t\t\t\t<div class=\"elementor-element elementor-element-996a6e4 elementor-widget elementor-widget-spacer\" data-id=\"996a6e4\" data-element_type=\"widget\" data-widget_type=\"spacer.default\">\n\t\t\t\t<div class=\"elementor-widget-container\">\n\t\t\t\t\t<div class=\"elementor-spacer\">\n\t\t\t<div class=\"elementor-spacer-inner\"><\/div>\n\t\t<\/div>\n\t\t\t\t<\/div>\n\t\t\t\t<\/div>\n\t\t\t\t\t\t<\/div>\n\t\t\t\t\t<\/div>\n\t\t<\/div>\n\t\t\t\t\t\t\t\t<\/div>\n\t\t\t\t\t<\/div>\n\t\t<\/section>\n\t\t\t\t\t\t<\/div>\n\t\t\t\t\t\t<\/div>\n\t\t\t\t\t<\/div>\n\t\t","protected":false},"excerpt":{"rendered":"<p>sprzeda\u017c winiet i ubezpiecze\u0144 Tw\u00f3j komfort i bezpiecze\u0144stwo jest dla nas priorytetem Prowadzimy sprzeda\u017c nast\u0119puj\u0105cych winiet: 1. Austria &#8211; winieta na drogi ekspresowe oraz autostrady w Austrii, wa\u017cna 10 dni, 2 miesi\u0105ce, 1 rok.2. Czechy &#8211; winieta na drogi ekspresowe oraz autostrady w Czechach, wa\u017cna 10 dni, 1 miesi\u0105c, 1 rok.3. S\u0142owacja &#8211; od 1&hellip;&nbsp;<a href=\"https:\/\/pzm.wroclaw.pl\/?page_id=844\" class=\"\" rel=\"bookmark\">Read More &raquo;<span class=\"screen-reader-text\">Sprzeda\u017c winiet i ubezpiecze\u0144<\/span><\/a><\/p>\n","protected":false},"author":1,"featured_media":0,"parent":0,"menu_order":0,"comment_status":"closed","ping_status":"closed","template":"page-templates\/template-pagebuilder-full-width.php","meta":{"neve_meta_sidebar":"full-width","neve_meta_container":"","neve_meta_enable_content_width":"on","neve_meta_content_width":100,"neve_meta_title_alignment":"","neve_meta_author_avatar":"","neve_post_elements_order":"","neve_meta_disable_header":"","neve_meta_disable_footer":"","neve_meta_disable_title":"","spay_email":"","footnotes":""},"class_list":["post-844","page","type-page","status-publish","hentry"],"_links":{"self":[{"href":"https:\/\/pzm.wroclaw.pl\/index.php?rest_route=\/wp\/v2\/pages\/844","targetHints":{"allow":["GET"]}}],"collection":[{"href":"https:\/\/pzm.wroclaw.pl\/index.php?rest_route=\/wp\/v2\/pages"}],"about":[{"href":"https:\/\/pzm.wroclaw.pl\/index.php?rest_route=\/wp\/v2\/types\/page"}],"author":[{"embeddable":true,"href":"https:\/\/pzm.wroclaw.pl\/index.php?rest_route=\/wp\/v2\/users\/1"}],"replies":[{"embeddable":true,"href":"https:\/\/pzm.wroclaw.pl\/index.php?rest_route=%2Fwp%2Fv2%2Fcomments&post=844"}],"version-history":[{"count":13,"href":"https:\/\/pzm.wroclaw.pl\/index.php?rest_route=\/wp\/v2\/pages\/844\/revisions"}],"predecessor-version":[{"id":1140,"href":"https:\/\/pzm.wroclaw.pl\/index.php?rest_route=\/wp\/v2\/pages\/844\/revisions\/1140"}],"wp:attachment":[{"href":"https:\/\/pzm.wroclaw.pl\/index.php?rest_route=%2Fwp%2Fv2%2Fmedia&parent=844"}],"curies":[{"name":"wp","href":"https:\/\/api.w.org\/{rel}","templated":true}]}}