{"id":840,"date":"2020-06-22T04:15:01","date_gmt":"2020-06-22T02:15:01","guid":{"rendered":"http:\/\/pzm.wroclaw.pl\/?page_id=840"},"modified":"2025-03-27T11:57:26","modified_gmt":"2025-03-27T10:57:26","slug":"osrodki-szkolenia-kierowcow","status":"publish","type":"page","link":"https:\/\/pzm.wroclaw.pl\/?page_id=840","title":{"rendered":"Kursy prawa jazdy"},"content":{"rendered":"\t\t<div data-elementor-type=\"wp-page\" data-elementor-id=\"840\" class=\"elementor elementor-840\" data-elementor-settings=\"[]\">\n\t\t\t\t\t\t<div class=\"elementor-inner\">\n\t\t\t\t\t\t\t<div class=\"elementor-section-wrap\">\n\t\t\t\t\t\t\t<section class=\"elementor-section elementor-top-section elementor-element elementor-element-2df9d60 elementor-section-boxed elementor-section-height-default elementor-section-height-default\" data-id=\"2df9d60\" data-element_type=\"section\">\n\t\t\t\t\t\t<div class=\"elementor-container elementor-column-gap-default\">\n\t\t\t\t\t\t\t<div class=\"elementor-row\">\n\t\t\t\t\t<div class=\"elementor-column elementor-col-100 elementor-top-column elementor-element elementor-element-9df1fd0\" data-id=\"9df1fd0\" data-element_type=\"column\">\n\t\t\t<div class=\"elementor-column-wrap elementor-element-populated\">\n\t\t\t\t\t\t\t<div class=\"elementor-widget-wrap\">\n\t\t\t\t\t\t<div class=\"elementor-element elementor-element-6c8ed59 elementor-widget elementor-widget-spacer\" data-id=\"6c8ed59\" data-element_type=\"widget\" data-widget_type=\"spacer.default\">\n\t\t\t\t<div class=\"elementor-widget-container\">\n\t\t\t\t\t<div class=\"elementor-spacer\">\n\t\t\t<div class=\"elementor-spacer-inner\"><\/div>\n\t\t<\/div>\n\t\t\t\t<\/div>\n\t\t\t\t<\/div>\n\t\t\t\t<div class=\"elementor-element elementor-element-51597eb elementor-widget-divider--view-line elementor-widget elementor-widget-divider\" data-id=\"51597eb\" data-element_type=\"widget\" data-widget_type=\"divider.default\">\n\t\t\t\t<div class=\"elementor-widget-container\">\n\t\t\t\t\t<div class=\"elementor-divider\">\n\t\t\t<span class=\"elementor-divider-separator\">\n\t\t\t\t\t\t<\/span>\n\t\t<\/div>\n\t\t\t\t<\/div>\n\t\t\t\t<\/div>\n\t\t\t\t<div class=\"elementor-element elementor-element-33db768 elementor-widget elementor-widget-heading\" data-id=\"33db768\" data-element_type=\"widget\" data-widget_type=\"heading.default\">\n\t\t\t\t<div class=\"elementor-widget-container\">\n\t\t\t<h2 class=\"elementor-heading-title elementor-size-default\">O\u015brodki szkolenia kierowc\u00f3w<\/h2>\t\t<\/div>\n\t\t\t\t<\/div>\n\t\t\t\t<div class=\"elementor-element elementor-element-ffcc838 elementor-widget elementor-widget-text-editor\" data-id=\"ffcc838\" data-element_type=\"widget\" data-widget_type=\"text-editor.default\">\n\t\t\t\t<div class=\"elementor-widget-container\">\n\t\t\t\t\t\t\t\t<div class=\"elementor-text-editor elementor-clearfix\">\n\t\t\t\t<p>zaufaj najbardziej do\u015bwiadczonym instruktorom nauki jazdy na rynku<\/p>\t\t\t\t\t<\/div>\n\t\t\t\t\t\t<\/div>\n\t\t\t\t<\/div>\n\t\t\t\t<div class=\"elementor-element elementor-element-8496e79 elementor-widget elementor-widget-text-editor\" data-id=\"8496e79\" data-element_type=\"widget\" data-widget_type=\"text-editor.default\">\n\t\t\t\t<div class=\"elementor-widget-container\">\n\t\t\t\t\t\t\t\t<div class=\"elementor-text-editor elementor-clearfix\">\n\t\t\t\t<p><span style=\"vertical-align: inherit;\"><span style=\"vertical-align: inherit;\">Doskonale zapewniamy bezpiecze\u0144stwo, \u017ce jeste\u015bmy odpowiedzialni za bezpiecze\u0144stwo, a nawet \u017cycie naszych kursant\u00f3w, dlatego dbamy, aby w przysz\u0142o\u015bci, po wy\u0142\u0105czeniu i zdaniu egzamin\u00f3w na prawo jazdy, byli wzorowi kierowcami.<\/span><\/span><\/p><p><span style=\"vertical-align: inherit;\"><span style=\"vertical-align: inherit;\">Prowadzimy O\u015brodki Szkolenia Kierowc\u00f3w na terenie wojew\u00f3dztwa dolno\u015bl\u0105skiego, gdzie s\u0105 dost\u0119pne tak\u017ce kursy na prawo jazdy jak i szkolenia kierowc\u00f3w zawodowych. Ka\u017cdy z naszych informacji zawiera zakres szkolenia wst\u0119pnego, certyfikatu wst\u0119pnego przy\u015bpieszonej oraz okresu dodatkowego.<\/span><\/span><\/p>\t\t\t\t\t<\/div>\n\t\t\t\t\t\t<\/div>\n\t\t\t\t<\/div>\n\t\t\t\t<section class=\"elementor-section elementor-inner-section elementor-element elementor-element-eaa6318 elementor-section-boxed elementor-section-height-default elementor-section-height-default\" data-id=\"eaa6318\" data-element_type=\"section\">\n\t\t\t\t\t\t<div class=\"elementor-container elementor-column-gap-default\">\n\t\t\t\t\t\t\t<div class=\"elementor-row\">\n\t\t\t\t\t<div class=\"elementor-column elementor-col-50 elementor-inner-column elementor-element elementor-element-473712a\" data-id=\"473712a\" data-element_type=\"column\">\n\t\t\t<div class=\"elementor-column-wrap elementor-element-populated\">\n\t\t\t\t\t\t\t<div class=\"elementor-widget-wrap\">\n\t\t\t\t\t\t<div class=\"elementor-element elementor-element-87121e3 elementor-widget elementor-widget-image\" data-id=\"87121e3\" data-element_type=\"widget\" data-widget_type=\"image.default\">\n\t\t\t\t<div class=\"elementor-widget-container\">\n\t\t\t\t\t\t\t\t<div class=\"elementor-image\">\n\t\t\t\t\t\t\t\t\t\t\t\t<img loading=\"lazy\" decoding=\"async\" width=\"1024\" height=\"683\" src=\"https:\/\/pzm.wroclaw.pl\/wp-content\/uploads\/2020\/06\/Lady_in_car_2.jpg\" class=\"attachment-large size-large\" alt=\"\" srcset=\"https:\/\/pzm.wroclaw.pl\/wp-content\/uploads\/2020\/06\/Lady_in_car_2.jpg 1024w, https:\/\/pzm.wroclaw.pl\/wp-content\/uploads\/2020\/06\/Lady_in_car_2-300x200.jpg 300w, https:\/\/pzm.wroclaw.pl\/wp-content\/uploads\/2020\/06\/Lady_in_car_2-768x512.jpg 768w, https:\/\/pzm.wroclaw.pl\/wp-content\/uploads\/2020\/06\/Lady_in_car_2-930x620.jpg 930w\" sizes=\"auto, (max-width: 1024px) 100vw, 1024px\" \/>\t\t\t\t\t\t\t\t\t\t\t\t\t\t<\/div>\n\t\t\t\t\t\t<\/div>\n\t\t\t\t<\/div>\n\t\t\t\t\t\t<\/div>\n\t\t\t\t\t<\/div>\n\t\t<\/div>\n\t\t\t\t<div class=\"elementor-column elementor-col-50 elementor-inner-column elementor-element elementor-element-9d9d2d3\" data-id=\"9d9d2d3\" data-element_type=\"column\">\n\t\t\t<div class=\"elementor-column-wrap elementor-element-populated\">\n\t\t\t\t\t\t\t<div class=\"elementor-widget-wrap\">\n\t\t\t\t\t\t<div class=\"elementor-element elementor-element-3dd912d elementor-widget elementor-widget-text-editor\" data-id=\"3dd912d\" data-element_type=\"widget\" data-widget_type=\"text-editor.default\">\n\t\t\t\t<div class=\"elementor-widget-container\">\n\t\t\t\t\t\t\t\t<div class=\"elementor-text-editor elementor-clearfix\">\n\t\t\t\t<p><span style=\"vertical-align: inherit;\"><span style=\"vertical-align: inherit;\"><font style=\"vertical-align: inherit;\"><font style=\"vertical-align: inherit;\">Szkolenia kierowc\u00f3w odpowiedzialne za lokalizacj\u0119:<\/font><\/font><\/span><\/span><\/p>\n<ol>\n<li><span style=\"color: #808080;\"><a style=\"color: #808080;\" href=\"http:\/\/pzm.wroclaw.pl\/?page_id=909\"><span style=\"vertical-align: inherit;\"><span style=\"vertical-align: inherit;\"><font style=\"vertical-align: inherit;\"><font style=\"vertical-align: inherit;\">Legnica<\/font><\/font><\/span><\/span><\/a><\/span><\/li>\n<li><span style=\"color: #808080;\"><a style=\"color: #808080;\" href=\"http:\/\/pzm.wroclaw.pl\/?page_id=911\"><span style=\"vertical-align: inherit;\"><span style=\"vertical-align: inherit;\"><font style=\"vertical-align: inherit;\"><font style=\"vertical-align: inherit;\">Lubin<\/font><\/font><\/span><\/span><\/a><\/span><\/li>\n<\/ol>\n<p><span style=\"vertical-align: inherit;\"><span style=\"vertical-align: inherit;\"><font style=\"vertical-align: inherit;\"><font style=\"vertical-align: inherit;\"><br><\/font><\/font><\/span><\/span><\/p><p><span style=\"vertical-align: inherit;\"><span style=\"vertical-align: inherit;\"><font style=\"vertical-align: inherit;\"><font style=\"vertical-align: inherit;\">Przyjd\u017a do nas, je\u017celi:<\/font><\/font><\/span><\/span><\/p>\n<ul>\n<li><span style=\"vertical-align: inherit;\"><span style=\"vertical-align: inherit;\"><font style=\"vertical-align: inherit;\"><font style=\"vertical-align: inherit;\">chcesz zosta\u0107 kierowc\u0105 \u2013 zapisz si\u0119 na kurs jazdy,<\/font><\/font><\/span><\/span><\/li>\n<li><span style=\"vertical-align: inherit;\"><span style=\"vertical-align: inherit;\"><font style=\"vertical-align: inherit;\"><font style=\"vertical-align: inherit;\">udoskonali\u0107 swoje umiej\u0119tno\u015bci oraz parametry komfortu i bezpiecze\u0144stwa \u2013 skorzystaj z naszej bogatej wiedzy i do\u015bwiadczenia,<\/font><\/font><\/span><\/span><\/li>\n<\/ul>\t\t\t\t\t<\/div>\n\t\t\t\t\t\t<\/div>\n\t\t\t\t<\/div>\n\t\t\t\t\t\t<\/div>\n\t\t\t\t\t<\/div>\n\t\t<\/div>\n\t\t\t\t\t\t\t\t<\/div>\n\t\t\t\t\t<\/div>\n\t\t<\/section>\n\t\t\t\t<div class=\"elementor-element elementor-element-6b7d75c elementor-widget elementor-widget-spacer\" data-id=\"6b7d75c\" data-element_type=\"widget\" data-widget_type=\"spacer.default\">\n\t\t\t\t<div class=\"elementor-widget-container\">\n\t\t\t\t\t<div class=\"elementor-spacer\">\n\t\t\t<div class=\"elementor-spacer-inner\"><\/div>\n\t\t<\/div>\n\t\t\t\t<\/div>\n\t\t\t\t<\/div>\n\t\t\t\t<div class=\"elementor-element elementor-element-6ee4bd3 elementor-widget elementor-widget-text-editor\" data-id=\"6ee4bd3\" data-element_type=\"widget\" data-widget_type=\"text-editor.default\">\n\t\t\t\t<div class=\"elementor-widget-container\">\n\t\t\t\t\t\t\t\t<div class=\"elementor-text-editor elementor-clearfix\">\n\t\t\t\t<p>Doskonale radzimy sobie w szkoleniu zar\u00f3wno kierowc\u00f3w pocz\u0105tkuj\u0105cych, jak i posiadaj\u0105cych ju\u017c prawo jazdy. Nasi wyk\u0142adowcy oraz instruktorzy maj\u0105 wieloletnie do\u015bwiadczenie, co skutkuje licznymi wyr\u00f3\u017cnieniami i nagrodami za bardzo dobre efekty szkolenia.<\/p><p>Ka\u017cdy z naszych o\u015brodk\u00f3w posiada nowoczesne sale wyk\u0142adowe, profesjonalne place manewrowe i flot\u0119 nowoczesnych pojazd\u00f3w do nauki jazdy. Do dyspozycji kursant\u00f3w s\u0105 przyczepy i pojazdy identyczne z tymi, w kt\u00f3rych odbywaj\u0105 si\u0119 egzaminy w Wojew\u00f3dzkich O\u015brodkach Ruchu Drogowego.<\/p>\t\t\t\t\t<\/div>\n\t\t\t\t\t\t<\/div>\n\t\t\t\t<\/div>\n\t\t\t\t<div class=\"elementor-element elementor-element-b3c1495 elementor-widget-divider--view-line elementor-widget elementor-widget-divider\" data-id=\"b3c1495\" data-element_type=\"widget\" data-widget_type=\"divider.default\">\n\t\t\t\t<div class=\"elementor-widget-container\">\n\t\t\t\t\t<div class=\"elementor-divider\">\n\t\t\t<span class=\"elementor-divider-separator\">\n\t\t\t\t\t\t<\/span>\n\t\t<\/div>\n\t\t\t\t<\/div>\n\t\t\t\t<\/div>\n\t\t\t\t<div class=\"elementor-element elementor-element-61222ea elementor-widget elementor-widget-spacer\" data-id=\"61222ea\" data-element_type=\"widget\" data-widget_type=\"spacer.default\">\n\t\t\t\t<div class=\"elementor-widget-container\">\n\t\t\t\t\t<div class=\"elementor-spacer\">\n\t\t\t<div class=\"elementor-spacer-inner\"><\/div>\n\t\t<\/div>\n\t\t\t\t<\/div>\n\t\t\t\t<\/div>\n\t\t\t\t\t\t<\/div>\n\t\t\t\t\t<\/div>\n\t\t<\/div>\n\t\t\t\t\t\t\t\t<\/div>\n\t\t\t\t\t<\/div>\n\t\t<\/section>\n\t\t\t\t\t\t<\/div>\n\t\t\t\t\t\t<\/div>\n\t\t\t\t\t<\/div>\n\t\t","protected":false},"excerpt":{"rendered":"<p>O\u015brodki szkolenia kierowc\u00f3w zaufaj najbardziej do\u015bwiadczonym instruktorom nauki jazdy na rynku Doskonale zapewniamy bezpiecze\u0144stwo, \u017ce jeste\u015bmy odpowiedzialni za bezpiecze\u0144stwo, a nawet \u017cycie naszych kursant\u00f3w, dlatego dbamy, aby w przysz\u0142o\u015bci, po wy\u0142\u0105czeniu i zdaniu egzamin\u00f3w na prawo jazdy, byli wzorowi kierowcami. Prowadzimy O\u015brodki Szkolenia Kierowc\u00f3w na terenie wojew\u00f3dztwa dolno\u015bl\u0105skiego, gdzie s\u0105 dost\u0119pne tak\u017ce kursy na prawo&hellip;&nbsp;<a href=\"https:\/\/pzm.wroclaw.pl\/?page_id=840\" class=\"\" rel=\"bookmark\">Read More &raquo;<span class=\"screen-reader-text\">Kursy prawa jazdy<\/span><\/a><\/p>\n","protected":false},"author":1,"featured_media":0,"parent":0,"menu_order":0,"comment_status":"closed","ping_status":"closed","template":"page-templates\/template-pagebuilder-full-width.php","meta":{"neve_meta_sidebar":"full-width","neve_meta_container":"","neve_meta_enable_content_width":"on","neve_meta_content_width":100,"neve_meta_title_alignment":"","neve_meta_author_avatar":"","neve_post_elements_order":"","neve_meta_disable_header":"","neve_meta_disable_footer":"","neve_meta_disable_title":"","spay_email":"","footnotes":""},"class_list":["post-840","page","type-page","status-publish","hentry"],"_links":{"self":[{"href":"https:\/\/pzm.wroclaw.pl\/index.php?rest_route=\/wp\/v2\/pages\/840","targetHints":{"allow":["GET"]}}],"collection":[{"href":"https:\/\/pzm.wroclaw.pl\/index.php?rest_route=\/wp\/v2\/pages"}],"about":[{"href":"https:\/\/pzm.wroclaw.pl\/index.php?rest_route=\/wp\/v2\/types\/page"}],"author":[{"embeddable":true,"href":"https:\/\/pzm.wroclaw.pl\/index.php?rest_route=\/wp\/v2\/users\/1"}],"replies":[{"embeddable":true,"href":"https:\/\/pzm.wroclaw.pl\/index.php?rest_route=%2Fwp%2Fv2%2Fcomments&post=840"}],"version-history":[{"count":28,"href":"https:\/\/pzm.wroclaw.pl\/index.php?rest_route=\/wp\/v2\/pages\/840\/revisions"}],"predecessor-version":[{"id":2009,"href":"https:\/\/pzm.wroclaw.pl\/index.php?rest_route=\/wp\/v2\/pages\/840\/revisions\/2009"}],"wp:attachment":[{"href":"https:\/\/pzm.wroclaw.pl\/index.php?rest_route=%2Fwp%2Fv2%2Fmedia&parent=840"}],"curies":[{"name":"wp","href":"https:\/\/api.w.org\/{rel}","templated":true}]}}