{"id":1455,"date":"2020-11-13T08:45:08","date_gmt":"2020-11-13T07:45:08","guid":{"rendered":"http:\/\/pzm.wroclaw.pl\/?page_id=1455"},"modified":"2022-01-19T12:13:25","modified_gmt":"2022-01-19T11:13:25","slug":"rodo","status":"publish","type":"page","link":"https:\/\/pzm.wroclaw.pl\/?page_id=1455","title":{"rendered":"Rodo"},"content":{"rendered":"\t\t<div data-elementor-type=\"wp-page\" data-elementor-id=\"1455\" class=\"elementor elementor-1455\" data-elementor-settings=\"[]\">\n\t\t\t\t\t\t<div class=\"elementor-inner\">\n\t\t\t\t\t\t\t<div class=\"elementor-section-wrap\">\n\t\t\t\t\t\t\t<section class=\"elementor-section elementor-top-section elementor-element elementor-element-7f42e85e elementor-section-boxed elementor-section-height-default elementor-section-height-default\" data-id=\"7f42e85e\" data-element_type=\"section\">\n\t\t\t\t\t\t<div class=\"elementor-container elementor-column-gap-default\">\n\t\t\t\t\t\t\t<div class=\"elementor-row\">\n\t\t\t\t\t<div class=\"elementor-column elementor-col-100 elementor-top-column elementor-element elementor-element-70e3e272\" data-id=\"70e3e272\" data-element_type=\"column\">\n\t\t\t<div class=\"elementor-column-wrap elementor-element-populated\">\n\t\t\t\t\t\t\t<div class=\"elementor-widget-wrap\">\n\t\t\t\t\t\t<div class=\"elementor-element elementor-element-2f151d0e elementor-widget elementor-widget-spacer\" data-id=\"2f151d0e\" data-element_type=\"widget\" data-widget_type=\"spacer.default\">\n\t\t\t\t<div class=\"elementor-widget-container\">\n\t\t\t\t\t<div class=\"elementor-spacer\">\n\t\t\t<div class=\"elementor-spacer-inner\"><\/div>\n\t\t<\/div>\n\t\t\t\t<\/div>\n\t\t\t\t<\/div>\n\t\t\t\t<div class=\"elementor-element elementor-element-7b452205 elementor-widget-divider--view-line elementor-widget elementor-widget-divider\" data-id=\"7b452205\" data-element_type=\"widget\" data-widget_type=\"divider.default\">\n\t\t\t\t<div class=\"elementor-widget-container\">\n\t\t\t\t\t<div class=\"elementor-divider\">\n\t\t\t<span class=\"elementor-divider-separator\">\n\t\t\t\t\t\t<\/span>\n\t\t<\/div>\n\t\t\t\t<\/div>\n\t\t\t\t<\/div>\n\t\t\t\t<div class=\"elementor-element elementor-element-371a0157 elementor-widget elementor-widget-heading\" data-id=\"371a0157\" data-element_type=\"widget\" data-widget_type=\"heading.default\">\n\t\t\t\t<div class=\"elementor-widget-container\">\n\t\t\t<h2 class=\"elementor-heading-title elementor-size-default\">klauzula informacyjna rodo<\/h2>\t\t<\/div>\n\t\t\t\t<\/div>\n\t\t\t\t<div class=\"elementor-element elementor-element-58bb9ea9 elementor-widget elementor-widget-text-editor\" data-id=\"58bb9ea9\" data-element_type=\"widget\" data-widget_type=\"text-editor.default\">\n\t\t\t\t<div class=\"elementor-widget-container\">\n\t\t\t\t\t\t\t\t<div class=\"elementor-text-editor elementor-clearfix\">\n\t\t\t\t<p>przetwarzanie danych osobowych<\/p>\t\t\t\t\t<\/div>\n\t\t\t\t\t\t<\/div>\n\t\t\t\t<\/div>\n\t\t\t\t<section class=\"elementor-section elementor-inner-section elementor-element elementor-element-0bf4913 elementor-section-boxed elementor-section-height-default elementor-section-height-default\" data-id=\"0bf4913\" data-element_type=\"section\">\n\t\t\t\t\t\t<div class=\"elementor-container elementor-column-gap-default\">\n\t\t\t\t\t\t\t<div class=\"elementor-row\">\n\t\t\t\t\t<div class=\"elementor-column elementor-col-50 elementor-inner-column elementor-element elementor-element-d04a8b8\" data-id=\"d04a8b8\" data-element_type=\"column\">\n\t\t\t<div class=\"elementor-column-wrap elementor-element-populated\">\n\t\t\t\t\t\t\t<div class=\"elementor-widget-wrap\">\n\t\t\t\t\t\t<div class=\"elementor-element elementor-element-8c493c6 elementor-widget elementor-widget-text-editor\" data-id=\"8c493c6\" data-element_type=\"widget\" data-widget_type=\"text-editor.default\">\n\t\t\t\t<div class=\"elementor-widget-container\">\n\t\t\t\t\t\t\t\t<div class=\"elementor-text-editor elementor-clearfix\">\n\t\t\t\t<p><span style=\"font-size: 11.0pt; mso-bidi-font-family: Arial;\">Zgodnie z art. 13 ust. 1 i 2 Rozporz\u0105dzenia Parlamentu Europejskiego i Rady (UE) 2016\/679 z dnia 27 kwietnia 2016 roku w sprawie ochrony os\u00f3b fizycznych w zwi\u0105zku z przetwarzaniem danych osobowych <span style=\"mso-spacerun: yes;\">\u00a0<\/span>i w sprawie swobodnego przep\u0142ywu takich danych oraz uchylenia dyrektywy 95\/46\/WE(og\u00f3lne rozporz\u0105dzenie o ochronie danych ) &#8211; RODO uprzejmie informujemy , \u017ce:<\/span><\/p><ol><li><b>Administratorem przetwarzaj\u0105cym Pani\/Pana dane osobowe<\/b> jest: Polski Zwi\u0105zek Motorowy Okr\u0119gowy Zesp\u00f3\u0142 Dzia\u0142alno\u015bci Gospodarczej Sp. z o.o.z siedzib\u0105 we Wroc\u0142awiu, 50-422 Wroc\u0142aw ul. Na Niskich \u0141\u0105kach 4, tel. 71\/321-22-72, e-mail: <a href=\"mailto:wroclaw@pzm.pl\">wroclaw@pzm.pl<\/a><\/li><li><b>W Polskim Zwi\u0105zku Motorowym OZDG Sp. z o.o. <\/b>z siedzib\u0105 we Wroc\u0142awiu, 50-422 Wroc\u0142aw ul. Na Niskich \u0141\u0105kach 4, <b>wyznaczony zosta\u0142 Inspektor Ochrony Danych. Funkcj\u0119 pe\u0142ni Artur Kurylas.<\/b> Wszelkie wnioski, pytania i \u017c\u0105dania zwi\u0105zane z przetwarzaniem Pani\/Pana danych osobowych przez Polski Zwi\u0105zek Motorowy OZDG Sp. z o.o. we Wroc\u0142awiu mo\u017cna kierowa\u0107 do inspektora ochrony danych PZM na adres e-mail <u>iodo@pzm.pl<\/u>, tel.nr 665-727-003.<\/li><\/ol>\t\t\t\t\t<\/div>\n\t\t\t\t\t\t<\/div>\n\t\t\t\t<\/div>\n\t\t\t\t\t\t<\/div>\n\t\t\t\t\t<\/div>\n\t\t<\/div>\n\t\t\t\t<div class=\"elementor-column elementor-col-50 elementor-inner-column elementor-element elementor-element-c9aebd8\" data-id=\"c9aebd8\" data-element_type=\"column\">\n\t\t\t<div class=\"elementor-column-wrap elementor-element-populated\">\n\t\t\t\t\t\t\t<div class=\"elementor-widget-wrap\">\n\t\t\t\t\t\t<div class=\"elementor-element elementor-element-3f3212c elementor-widget elementor-widget-image\" data-id=\"3f3212c\" data-element_type=\"widget\" data-widget_type=\"image.default\">\n\t\t\t\t<div class=\"elementor-widget-container\">\n\t\t\t\t\t\t\t\t<div class=\"elementor-image\">\n\t\t\t\t\t\t\t\t\t\t\t\t<img loading=\"lazy\" decoding=\"async\" width=\"1024\" height=\"682\" src=\"https:\/\/pzm.wroclaw.pl\/wp-content\/uploads\/2020\/11\/rodo-1024x682.jpg\" class=\"attachment-large size-large\" alt=\"\" srcset=\"https:\/\/pzm.wroclaw.pl\/wp-content\/uploads\/2020\/11\/rodo-1024x682.jpg 1024w, https:\/\/pzm.wroclaw.pl\/wp-content\/uploads\/2020\/11\/rodo-300x200.jpg 300w, https:\/\/pzm.wroclaw.pl\/wp-content\/uploads\/2020\/11\/rodo-768x512.jpg 768w, https:\/\/pzm.wroclaw.pl\/wp-content\/uploads\/2020\/11\/rodo-930x620.jpg 930w, https:\/\/pzm.wroclaw.pl\/wp-content\/uploads\/2020\/11\/rodo.jpg 1280w\" sizes=\"auto, (max-width: 1024px) 100vw, 1024px\" \/>\t\t\t\t\t\t\t\t\t\t\t\t\t\t<\/div>\n\t\t\t\t\t\t<\/div>\n\t\t\t\t<\/div>\n\t\t\t\t\t\t<\/div>\n\t\t\t\t\t<\/div>\n\t\t<\/div>\n\t\t\t\t\t\t\t\t<\/div>\n\t\t\t\t\t<\/div>\n\t\t<\/section>\n\t\t\t\t<div class=\"elementor-element elementor-element-1a9abf6f elementor-widget elementor-widget-text-editor\" data-id=\"1a9abf6f\" data-element_type=\"widget\" data-widget_type=\"text-editor.default\">\n\t\t\t\t<div class=\"elementor-widget-container\">\n\t\t\t\t\t\t\t\t<div class=\"elementor-text-editor elementor-clearfix\">\n\t\t\t\t<p><b>3.\u00a0 Kategorie danych osobowych<\/b> &#8211; informacja dotyczy danych osobowych pozyskanych za zgod\u0105 osoby, kt\u00f3rej dane dotycz\u0105. Polski Zwi\u0105zek Motorowy przetwarza nast\u0119puj\u0105ce kategorie Pani\/Pana danych osobowych: dane identyfikacyjne, dane adresowe , kontaktowe, dane identyfikacyjne pojazdu.<\/p><p><b>4.\u00a0 Cel przetwarzania danych i podstawy prawne<\/b> &#8211; dane osobowe mog\u0105 by\u0107 przetwarzane przez PZM w nast\u0119puj\u0105cych celach:<br \/>* \u00a0wykonania umowy w zakresie szkolenia na prawo jazdy, szkolenia kierowc\u00f3w zawodowych<br \/>* wys\u0142anie przypomnienia o terminie badania technicznego pojazdu , oraz o akcjach promocyjnych.<\/p><p><b>5.\u00a0 \u201ePodstaw\u0105 prawn\u0105 przetwarzania Pani\/Pana danych osobowych jest art. 6 ust. 1 lit. a, oraz art.6 ust.1 lit. b\u00a0 rozporz\u0105dzenia RODO\u201d.<\/b><br \/><b>Odbiorcami danych jest:<\/b> Stowarzyszenie Polski Zwi\u0105zek Motorowy z siedzib\u0105 w Warszawie, ul Kazimierzowska 66, 02-518 Warszawa oraz podmioty powi\u0105zane kapita\u0142owo z w\/w stowarzyszeniem w tym Polski Zwi\u0105zek Motorowy Holding Sp. z o.o. z siedzib\u0105 w Warszawie, ul. G\u00f3rczewska 228F, 01-460 Warszawa.<\/p><p><b>6.\u00a0 Okres przechowywania danych osobowych: dane osobowe podlegaj\u0105 przegl\u0105dowi<\/b>, nie rzadziej ni\u017c co 5 lat od dnia ich uzyskania, a tak\u017ce przechowywane s\u0105, wy\u0142\u0105cznie przez okres niezb\u0119dny do \u00a0realizacji umowy.<\/p><p><b>7.\u00a0 Przekazywania danych osobowych do pa\u0144stwa trzeciego:<\/b> Pani\/Pana dane osobowe nie b\u0119d\u0105 przekazywane do pa\u0144stwa trzeciego lub organizacji mi\u0119dzynarodowej. Pani\/Pana dane nie b\u0119d\u0105 podlega\u0142y profilowaniu.<\/p><p><b>8.\u00a0 W zwi\u0105zku z przetwarzaniem Pani\/Pana danych osobowych<\/b> przys\u0142uguj\u0105 Pani\/Panu nast\u0119puj\u0105ce prawa:<br \/>a) prawo dost\u0119pu do swoich danych osobowych, w tym uzyskania kopii tych danych,<br \/>b) prawo do sprostowania (poprawiania) danych osobowych,<br \/>c) prawo do \u017c\u0105dania usuni\u0119cia danych osobowych (tzw. prawo do bycia zapomnianym),<br \/>d) prawo do ograniczenia przetwarzania danych osobowych,<br \/>e) prawo do przenoszenia danych osobowych,<br \/>f) prawo sprzeciwu wobec przetwarzania danych osobowych, je\u015bli ma to uzasadnienie i nie jest sprzeczne z przepisami prawa.<\/p><p><b>9.\u00a0 W przypadku gdy przetwarzanie danych osobowych<\/b> odbywa si\u0119 na podstawie zgody, przys\u0142uguje Pani\/Panu prawo do cofni\u0119cia tej zgody w dowolnym momencie. Wycofanie zgody nie wp\u0142ywa na zgodno\u015b\u0107 z\u00a0prawem przetwarzania, kt\u00f3rego dokonano na podstawie zgody przed jej wycofaniem.<\/p><p><b>10.\u00a0 W przypadku powzi\u0119cia informacji <\/b>o niezgodnym z prawem przetwarzaniu przez Administratora Pani\/Pana danych osobowych, przys\u0142uguje Pani\/Panu prawo wniesienia skargi do organu nadzorczego &#8211; Prezesa Urz\u0119du ochrony Danych Osobowych, ul. Stawki 2, 00-193 Warszawa.<\/p><p>IODO<\/p>\t\t\t\t\t<\/div>\n\t\t\t\t\t\t<\/div>\n\t\t\t\t<\/div>\n\t\t\t\t<div class=\"elementor-element elementor-element-bf79dce elementor-widget-divider--view-line elementor-widget elementor-widget-divider\" data-id=\"bf79dce\" data-element_type=\"widget\" data-widget_type=\"divider.default\">\n\t\t\t\t<div class=\"elementor-widget-container\">\n\t\t\t\t\t<div class=\"elementor-divider\">\n\t\t\t<span class=\"elementor-divider-separator\">\n\t\t\t\t\t\t<\/span>\n\t\t<\/div>\n\t\t\t\t<\/div>\n\t\t\t\t<\/div>\n\t\t\t\t\t\t<\/div>\n\t\t\t\t\t<\/div>\n\t\t<\/div>\n\t\t\t\t\t\t\t\t<\/div>\n\t\t\t\t\t<\/div>\n\t\t<\/section>\n\t\t\t\t\t\t<\/div>\n\t\t\t\t\t\t<\/div>\n\t\t\t\t\t<\/div>\n\t\t","protected":false},"excerpt":{"rendered":"<p>klauzula informacyjna rodo przetwarzanie danych osobowych Zgodnie z art. 13 ust. 1 i 2 Rozporz\u0105dzenia Parlamentu Europejskiego i Rady (UE) 2016\/679 z dnia 27 kwietnia 2016 roku w sprawie ochrony os\u00f3b fizycznych w zwi\u0105zku z przetwarzaniem danych osobowych &nbsp;i w sprawie swobodnego przep\u0142ywu takich danych oraz uchylenia dyrektywy 95\/46\/WE(og\u00f3lne rozporz\u0105dzenie o ochronie danych ) &#8211;&hellip;&nbsp;<a href=\"https:\/\/pzm.wroclaw.pl\/?page_id=1455\" class=\"\" rel=\"bookmark\">Read More &raquo;<span class=\"screen-reader-text\">Rodo<\/span><\/a><\/p>\n","protected":false},"author":1,"featured_media":0,"parent":0,"menu_order":0,"comment_status":"closed","ping_status":"closed","template":"","meta":{"neve_meta_sidebar":"full-width","neve_meta_container":"","neve_meta_enable_content_width":"on","neve_meta_content_width":100,"neve_meta_title_alignment":"","neve_meta_author_avatar":"","neve_post_elements_order":"","neve_meta_disable_header":"","neve_meta_disable_footer":"","neve_meta_disable_title":"on","spay_email":"","footnotes":""},"class_list":["post-1455","page","type-page","status-publish","hentry"],"_links":{"self":[{"href":"https:\/\/pzm.wroclaw.pl\/index.php?rest_route=\/wp\/v2\/pages\/1455","targetHints":{"allow":["GET"]}}],"collection":[{"href":"https:\/\/pzm.wroclaw.pl\/index.php?rest_route=\/wp\/v2\/pages"}],"about":[{"href":"https:\/\/pzm.wroclaw.pl\/index.php?rest_route=\/wp\/v2\/types\/page"}],"author":[{"embeddable":true,"href":"https:\/\/pzm.wroclaw.pl\/index.php?rest_route=\/wp\/v2\/users\/1"}],"replies":[{"embeddable":true,"href":"https:\/\/pzm.wroclaw.pl\/index.php?rest_route=%2Fwp%2Fv2%2Fcomments&post=1455"}],"version-history":[{"count":44,"href":"https:\/\/pzm.wroclaw.pl\/index.php?rest_route=\/wp\/v2\/pages\/1455\/revisions"}],"predecessor-version":[{"id":1546,"href":"https:\/\/pzm.wroclaw.pl\/index.php?rest_route=\/wp\/v2\/pages\/1455\/revisions\/1546"}],"wp:attachment":[{"href":"https:\/\/pzm.wroclaw.pl\/index.php?rest_route=%2Fwp%2Fv2%2Fmedia&parent=1455"}],"curies":[{"name":"wp","href":"https:\/\/api.w.org\/{rel}","templated":true}]}}