{"id":130,"date":"2019-03-06T15:19:55","date_gmt":"2019-03-06T15:19:55","guid":{"rendered":"https:\/\/demo.themeisle.com\/neve-shop\/?page_id=130"},"modified":"2023-09-22T11:59:29","modified_gmt":"2023-09-22T09:59:29","slug":"3669a-contact","status":"publish","type":"page","link":"https:\/\/pzm.wroclaw.pl\/?page_id=130","title":{"rendered":"Kontakt"},"content":{"rendered":"\t\t<div data-elementor-type=\"wp-post\" data-elementor-id=\"130\" class=\"elementor elementor-130\" data-elementor-settings=\"[]\">\n\t\t\t\t\t\t<div class=\"elementor-inner\">\n\t\t\t\t\t\t\t<div class=\"elementor-section-wrap\">\n\t\t\t\t\t\t\t<section class=\"elementor-section elementor-top-section elementor-element elementor-element-55ee2ad elementor-section-boxed elementor-section-height-default elementor-section-height-default\" data-id=\"55ee2ad\" data-element_type=\"section\">\n\t\t\t\t\t\t<div class=\"elementor-container elementor-column-gap-default\">\n\t\t\t\t\t\t\t<div class=\"elementor-row\">\n\t\t\t\t\t<div class=\"elementor-column elementor-col-100 elementor-top-column elementor-element elementor-element-7b7dd44\" data-id=\"7b7dd44\" data-element_type=\"column\">\n\t\t\t<div class=\"elementor-column-wrap elementor-element-populated\">\n\t\t\t\t\t\t\t<div class=\"elementor-widget-wrap\">\n\t\t\t\t\t\t<div class=\"elementor-element elementor-element-c1af3f7 elementor-widget elementor-widget-spacer\" data-id=\"c1af3f7\" data-element_type=\"widget\" data-widget_type=\"spacer.default\">\n\t\t\t\t<div class=\"elementor-widget-container\">\n\t\t\t\t\t<div class=\"elementor-spacer\">\n\t\t\t<div class=\"elementor-spacer-inner\"><\/div>\n\t\t<\/div>\n\t\t\t\t<\/div>\n\t\t\t\t<\/div>\n\t\t\t\t<div class=\"elementor-element elementor-element-042443b elementor-widget-divider--view-line elementor-widget elementor-widget-divider\" data-id=\"042443b\" data-element_type=\"widget\" data-widget_type=\"divider.default\">\n\t\t\t\t<div class=\"elementor-widget-container\">\n\t\t\t\t\t<div class=\"elementor-divider\">\n\t\t\t<span class=\"elementor-divider-separator\">\n\t\t\t\t\t\t<\/span>\n\t\t<\/div>\n\t\t\t\t<\/div>\n\t\t\t\t<\/div>\n\t\t\t\t<div class=\"elementor-element elementor-element-2d6c23e elementor-widget elementor-widget-heading\" data-id=\"2d6c23e\" data-element_type=\"widget\" data-widget_type=\"heading.default\">\n\t\t\t\t<div class=\"elementor-widget-container\">\n\t\t\t<h2 class=\"elementor-heading-title elementor-size-default\">kontakt<\/h2>\t\t<\/div>\n\t\t\t\t<\/div>\n\t\t\t\t<div class=\"elementor-element elementor-element-e638519 elementor-widget elementor-widget-text-editor\" data-id=\"e638519\" data-element_type=\"widget\" data-widget_type=\"text-editor.default\">\n\t\t\t\t<div class=\"elementor-widget-container\">\n\t\t\t\t\t\t\t\t<div class=\"elementor-text-editor elementor-clearfix\">\n\t\t\t\t<p>w razie jakichkolwiek pyta\u0144, nie wahaj si\u0119 z nami skontaktowa\u0107<\/p>\t\t\t\t\t<\/div>\n\t\t\t\t\t\t<\/div>\n\t\t\t\t<\/div>\n\t\t\t\t<div class=\"elementor-element elementor-element-109bb66 elementor-position-left elementor-vertical-align-middle elementor-widget elementor-widget-image-box\" data-id=\"109bb66\" data-element_type=\"widget\" data-widget_type=\"image-box.default\">\n\t\t\t\t<div class=\"elementor-widget-container\">\n\t\t\t<div class=\"elementor-image-box-wrapper\"><figure class=\"elementor-image-box-img\"><img loading=\"lazy\" decoding=\"async\" width=\"1280\" height=\"853\" src=\"https:\/\/pzm.wroclaw.pl\/wp-content\/uploads\/2020\/06\/adult-blur-business_01.jpg\" class=\"attachment-full size-full\" alt=\"\" \/><\/figure><div class=\"elementor-image-box-content\"><p class=\"elementor-image-box-description\">Polski Zwi\u0105zek Motorowy OZDG Wroc\u0142aw Sp. z o.o.<br>ul. Na Niskich \u0141\u0105kach 4<br>50-422 Wroc\u0142aw<br>tel. 71 321 22 72<br>email: wroclaw@pzm.pl<br>KRS: 0000107824, NIP: 8960001824, REGON: 930507377<span style=\"font-family:Symbol;\nmso-fareast-font-family:Symbol;mso-bidi-font-family:Symbol\"><span style=\"mso-list:Ignore\"><span style=\"font:7.0pt &quot;Times New Roman&quot;\"><\/span><\/span><\/span><br>\n<br>NASZE ODDZIA\u0141Y:<br><br>1.\tWroc\u0142aw, tel. 71 342 32 51, email: niskielaki.wroclaw@pzm.pl <br>2.\tLegnica, tel. 76 862 17 95, email: legnica@pzm.pl <br>3.\tLubin, tel. 76 844 43 04, email: lubin@pzm.pl <br>4.\tJelenia G\u00f3ra, tel. 75 752 62 85, email: jelenia.gora@pzm.pl <br>5.\tZielona G\u00f3ra, tel. 68 453 31 31, email: zielona.gora@pzm.pl <\/p><\/div><\/div>\t\t<\/div>\n\t\t\t\t<\/div>\n\t\t\t\t<section class=\"elementor-section elementor-inner-section elementor-element elementor-element-e4c58da elementor-section-boxed elementor-section-height-default elementor-section-height-default\" data-id=\"e4c58da\" data-element_type=\"section\">\n\t\t\t\t\t\t<div class=\"elementor-container elementor-column-gap-default\">\n\t\t\t\t\t\t\t<div class=\"elementor-row\">\n\t\t\t\t\t<div class=\"elementor-column elementor-col-50 elementor-inner-column elementor-element elementor-element-8e00a25\" data-id=\"8e00a25\" data-element_type=\"column\">\n\t\t\t<div class=\"elementor-column-wrap elementor-element-populated\">\n\t\t\t\t\t\t\t<div class=\"elementor-widget-wrap\">\n\t\t\t\t\t\t<div class=\"elementor-element elementor-element-68cfdc6 elementor-widget elementor-widget-google_maps\" data-id=\"68cfdc6\" data-element_type=\"widget\" data-widget_type=\"google_maps.default\">\n\t\t\t\t<div class=\"elementor-widget-container\">\n\t\t\t\t\t<div class=\"elementor-custom-embed\">\n\t\t\t<iframe frameborder=\"0\" scrolling=\"no\" marginheight=\"0\" marginwidth=\"0\"\n\t\t\t\t\tsrc=\"https:\/\/maps.google.com\/maps?q=Wroc%C5%82aw%2C%20ul.%20Na%20Niskich%20%C5%81%C4%85kach%204&#038;t=m&#038;z=10&#038;output=embed&#038;iwloc=near\"\n\t\t\t\t\ttitle=\"Wroc\u0142aw, ul. Na Niskich \u0141\u0105kach 4\"\n\t\t\t\t\taria-label=\"Wroc\u0142aw, ul. Na Niskich \u0141\u0105kach 4\"\n\t\t\t><\/iframe>\n\t\t<\/div>\n\t\t\t\t<\/div>\n\t\t\t\t<\/div>\n\t\t\t\t\t\t<\/div>\n\t\t\t\t\t<\/div>\n\t\t<\/div>\n\t\t\t\t<div class=\"elementor-column elementor-col-50 elementor-inner-column elementor-element elementor-element-d7e44d2\" data-id=\"d7e44d2\" data-element_type=\"column\">\n\t\t\t<div class=\"elementor-column-wrap elementor-element-populated\">\n\t\t\t\t\t\t\t<div class=\"elementor-widget-wrap\">\n\t\t\t\t\t\t<div class=\"elementor-element elementor-element-4393a8a elementor-widget elementor-widget-spacer\" data-id=\"4393a8a\" data-element_type=\"widget\" data-widget_type=\"spacer.default\">\n\t\t\t\t<div class=\"elementor-widget-container\">\n\t\t\t\t\t<div class=\"elementor-spacer\">\n\t\t\t<div class=\"elementor-spacer-inner\"><\/div>\n\t\t<\/div>\n\t\t\t\t<\/div>\n\t\t\t\t<\/div>\n\t\t\t\t<div class=\"elementor-element elementor-element-d3d4ef0 elementor-widget elementor-widget-heading\" data-id=\"d3d4ef0\" data-element_type=\"widget\" data-widget_type=\"heading.default\">\n\t\t\t\t<div class=\"elementor-widget-container\">\n\t\t\t<h2 class=\"elementor-heading-title elementor-size-default\">formularz kontaktowy<\/h2>\t\t<\/div>\n\t\t\t\t<\/div>\n\t\t\t\t<div class=\"elementor-element elementor-element-9c80328 elementor-widget elementor-widget-content_form_contact\" data-id=\"9c80328\" data-element_type=\"widget\" data-widget_type=\"content_form_contact.default\">\n\t\t\t\t<div class=\"elementor-widget-container\">\n\t\t\t<form action=\"https:\/\/pzm.wroclaw.pl\/wp-admin\/admin-post.php\" method=\"post\" name=\"content-form-9c80328\" id=\"content-form-9c80328\" class=\"ti-cf-module content-form content-form-contact content_form_contact\"><input type=\"hidden\" id=\"_wpnonce_contact\" name=\"_wpnonce_contact\" value=\"35a94fe59c\" \/><input type=\"hidden\" name=\"_wp_http_referer\" value=\"\/index.php?rest_route=%2Fwp%2Fv2%2Fpages%2F130\" \/><input type=\"hidden\" name=\"action\" value=\"content_form_submit\" \/><input type=\"hidden\" name=\"form-type\" value=\"contact\" \/><input type=\"hidden\" name=\"form-builder\" value=\"elementor\" \/><input type=\"hidden\" name=\"post-id\" value=\"130\" \/><input type=\"hidden\" name=\"form-id\" value=\"9c80328\" \/><fieldset class=\"content-form-field-text elementor-column elementor-col-100\"><label for=\"data[9c80328][name]\" >Imi\u0119 i nazwisko<span class=\"required-mark\"> *<\/span><\/label><input type=\"text\" name=\"data[9c80328][name]\" id=\"data[9c80328][name]\" required=\"required\"  placeholder=\"\"><\/fieldset><fieldset class=\"content-form-field-email elementor-column elementor-col-100\"><label for=\"data[9c80328][email]\" >Adres email<span class=\"required-mark\"> *<\/span><\/label><input type=\"text\" name=\"data[9c80328][email]\" id=\"data[9c80328][email]\" required=\"required\"  placeholder=\"\"><\/fieldset><fieldset class=\"content-form-field-number elementor-column elementor-col-100\"><label for=\"data[9c80328][phone]\" >Nr telefonu<span class=\"required-mark\"> *<\/span><\/label><input type=\"text\" name=\"data[9c80328][phone]\" id=\"data[9c80328][phone]\" required=\"required\"  placeholder=\"\"><\/fieldset><fieldset class=\"content-form-field-textarea elementor-column elementor-col-100\"><label for=\"data[9c80328][message]\" >Wiadomo\u015b\u0107<span class=\"required-mark\"> *<\/span><\/label><textarea name=\"data[9c80328][message]\" id=\"data[9c80328][message]\"  required=\"required\" placeholder=\"\" cols=\"30\" rows=\"5\"><\/textarea><\/fieldset><fieldset class=\"content-form-field-textarea elementor-column elementor-col-100\"><label for=\"data[9c80328][zgoda-rodo]\" >Zgoda RODO<span class=\"required-mark\"> *<\/span><\/label><textarea name=\"data[9c80328][zgoda-rodo]\" id=\"data[9c80328][zgoda-rodo]\"  required=\"required\" placeholder=\"Wyra\u017cam zgod\u0119 na przetwarzanie moich danych osobowych w zakresie dzia\u0142a\u0144 niezb\u0119dnych do podj\u0119cia, w celu odpowiedzi na moj\u0105 wiadomo\u015b\u0107, oraz kontaktowanie si\u0119 ze mn\u0105 drog\u0105 telefoniczn\u0105 i mailow\u0105.\" cols=\"30\" rows=\"5\"><\/textarea><\/fieldset><fieldset class=\"submit-form contact\"><button type=\"submit\" name=\"submit\"  value=\"submit-contact-9c80328\" class=\"\">Wy\u015blij<\/button><\/fieldset><\/form>\t\t<\/div>\n\t\t\t\t<\/div>\n\t\t\t\t\t\t<\/div>\n\t\t\t\t\t<\/div>\n\t\t<\/div>\n\t\t\t\t\t\t\t\t<\/div>\n\t\t\t\t\t<\/div>\n\t\t<\/section>\n\t\t\t\t<div class=\"elementor-element elementor-element-f0f32d4 elementor-widget elementor-widget-spacer\" data-id=\"f0f32d4\" data-element_type=\"widget\" data-widget_type=\"spacer.default\">\n\t\t\t\t<div class=\"elementor-widget-container\">\n\t\t\t\t\t<div class=\"elementor-spacer\">\n\t\t\t<div class=\"elementor-spacer-inner\"><\/div>\n\t\t<\/div>\n\t\t\t\t<\/div>\n\t\t\t\t<\/div>\n\t\t\t\t<div class=\"elementor-element elementor-element-a60cb5b elementor-widget-divider--view-line elementor-widget elementor-widget-divider\" data-id=\"a60cb5b\" data-element_type=\"widget\" data-widget_type=\"divider.default\">\n\t\t\t\t<div class=\"elementor-widget-container\">\n\t\t\t\t\t<div class=\"elementor-divider\">\n\t\t\t<span class=\"elementor-divider-separator\">\n\t\t\t\t\t\t<\/span>\n\t\t<\/div>\n\t\t\t\t<\/div>\n\t\t\t\t<\/div>\n\t\t\t\t<div class=\"elementor-element elementor-element-e8e4d1c elementor-widget elementor-widget-spacer\" data-id=\"e8e4d1c\" data-element_type=\"widget\" data-widget_type=\"spacer.default\">\n\t\t\t\t<div class=\"elementor-widget-container\">\n\t\t\t\t\t<div class=\"elementor-spacer\">\n\t\t\t<div class=\"elementor-spacer-inner\"><\/div>\n\t\t<\/div>\n\t\t\t\t<\/div>\n\t\t\t\t<\/div>\n\t\t\t\t\t\t<\/div>\n\t\t\t\t\t<\/div>\n\t\t<\/div>\n\t\t\t\t\t\t\t\t<\/div>\n\t\t\t\t\t<\/div>\n\t\t<\/section>\n\t\t\t\t<section class=\"elementor-section elementor-top-section elementor-element elementor-element-607c061 elementor-section-stretched elementor-section-full_width elementor-section-height-default elementor-section-height-default\" data-id=\"607c061\" data-element_type=\"section\" data-settings=\"{&quot;stretch_section&quot;:&quot;section-stretched&quot;,&quot;background_background&quot;:&quot;classic&quot;}\">\n\t\t\t\t\t\t<div class=\"elementor-container elementor-column-gap-default\">\n\t\t\t\t\t\t\t<div class=\"elementor-row\">\n\t\t\t\t\t<div class=\"elementor-column elementor-col-100 elementor-top-column elementor-element elementor-element-816c418\" data-id=\"816c418\" data-element_type=\"column\">\n\t\t\t<div class=\"elementor-column-wrap elementor-element-populated\">\n\t\t\t\t\t\t\t<div class=\"elementor-widget-wrap\">\n\t\t\t\t\t\t<div class=\"elementor-element elementor-element-0f1ef63 elementor-shape-circle elementor-grid-0 e-grid-align-center elementor-widget elementor-widget-social-icons\" data-id=\"0f1ef63\" data-element_type=\"widget\" data-widget_type=\"social-icons.default\">\n\t\t\t\t<div class=\"elementor-widget-container\">\n\t\t\t\t\t<div class=\"elementor-social-icons-wrapper elementor-grid\">\n\t\t\t\t\t\t\t<span class=\"elementor-grid-item\">\n\t\t\t\t\t<a class=\"elementor-icon elementor-social-icon elementor-social-icon-facebook elementor-repeater-item-a587fe8\" href=\"https:\/\/www.facebook.com\/PZM-OZDG-Wroc\u0142aw-101788208295084\" target=\"_blank\">\n\t\t\t\t\t\t<span class=\"elementor-screen-only\">Facebook<\/span>\n\t\t\t\t\t\t<i class=\"fab fa-facebook\"><\/i>\t\t\t\t\t<\/a>\n\t\t\t\t<\/span>\n\t\t\t\t\t\t\t<span class=\"elementor-grid-item\">\n\t\t\t\t\t<a class=\"elementor-icon elementor-social-icon elementor-social-icon-twitter elementor-repeater-item-aa7fa18\" target=\"_blank\">\n\t\t\t\t\t\t<span class=\"elementor-screen-only\">Twitter<\/span>\n\t\t\t\t\t\t<i class=\"fab fa-twitter\"><\/i>\t\t\t\t\t<\/a>\n\t\t\t\t<\/span>\n\t\t\t\t\t\t\t<span class=\"elementor-grid-item\">\n\t\t\t\t\t<a class=\"elementor-icon elementor-social-icon elementor-social-icon-youtube elementor-repeater-item-59597ff\" target=\"_blank\">\n\t\t\t\t\t\t<span class=\"elementor-screen-only\">Youtube<\/span>\n\t\t\t\t\t\t<i class=\"fab fa-youtube\"><\/i>\t\t\t\t\t<\/a>\n\t\t\t\t<\/span>\n\t\t\t\t\t<\/div>\n\t\t\t\t<\/div>\n\t\t\t\t<\/div>\n\t\t\t\t\t\t<\/div>\n\t\t\t\t\t<\/div>\n\t\t<\/div>\n\t\t\t\t\t\t\t\t<\/div>\n\t\t\t\t\t<\/div>\n\t\t<\/section>\n\t\t\t\t\t\t<\/div>\n\t\t\t\t\t\t<\/div>\n\t\t\t\t\t<\/div>\n\t\t","protected":false},"excerpt":{"rendered":"<p>kontakt w razie jakichkolwiek pyta\u0144, nie wahaj si\u0119 z nami skontaktowa\u0107 Polski Zwi\u0105zek Motorowy OZDG Wroc\u0142aw Sp. z o.o.ul. Na Niskich \u0141\u0105kach 450-422 Wroc\u0142awtel. 71 321 22 72email: wroclaw@pzm.plKRS: 0000107824, NIP: 8960001824, REGON: 930507377 NASZE ODDZIA\u0141Y: 1. Wroc\u0142aw, tel. 71 342 32 51, email: niskielaki.wroclaw@pzm.pl 2. Legnica, tel. 76 862 17 95, email: legnica@pzm.pl 3.&hellip;&nbsp;<a href=\"https:\/\/pzm.wroclaw.pl\/?page_id=130\" class=\"\" rel=\"bookmark\">Read More &raquo;<span class=\"screen-reader-text\">Kontakt<\/span><\/a><\/p>\n","protected":false},"author":1,"featured_media":0,"parent":0,"menu_order":0,"comment_status":"closed","ping_status":"closed","template":"page-templates\/template-pagebuilder-full-width.php","meta":{"neve_meta_sidebar":"","neve_meta_container":"","neve_meta_enable_content_width":"off","neve_meta_content_width":0,"neve_meta_title_alignment":"","neve_meta_author_avatar":"","neve_post_elements_order":"","neve_meta_disable_header":"","neve_meta_disable_footer":"","neve_meta_disable_title":"","spay_email":"","footnotes":""},"class_list":["post-130","page","type-page","status-publish","hentry"],"_links":{"self":[{"href":"https:\/\/pzm.wroclaw.pl\/index.php?rest_route=\/wp\/v2\/pages\/130","targetHints":{"allow":["GET"]}}],"collection":[{"href":"https:\/\/pzm.wroclaw.pl\/index.php?rest_route=\/wp\/v2\/pages"}],"about":[{"href":"https:\/\/pzm.wroclaw.pl\/index.php?rest_route=\/wp\/v2\/types\/page"}],"author":[{"embeddable":true,"href":"https:\/\/pzm.wroclaw.pl\/index.php?rest_route=\/wp\/v2\/users\/1"}],"replies":[{"embeddable":true,"href":"https:\/\/pzm.wroclaw.pl\/index.php?rest_route=%2Fwp%2Fv2%2Fcomments&post=130"}],"version-history":[{"count":85,"href":"https:\/\/pzm.wroclaw.pl\/index.php?rest_route=\/wp\/v2\/pages\/130\/revisions"}],"predecessor-version":[{"id":1776,"href":"https:\/\/pzm.wroclaw.pl\/index.php?rest_route=\/wp\/v2\/pages\/130\/revisions\/1776"}],"wp:attachment":[{"href":"https:\/\/pzm.wroclaw.pl\/index.php?rest_route=%2Fwp%2Fv2%2Fmedia&parent=130"}],"curies":[{"name":"wp","href":"https:\/\/api.w.org\/{rel}","templated":true}]}}